{"id":7206,"date":"2026-02-25T13:26:56","date_gmt":"2026-02-25T12:26:56","guid":{"rendered":"https:\/\/ibogaleadershipsummit.com\/?page_id=7206"},"modified":"2026-02-25T14:13:36","modified_gmt":"2026-02-25T13:13:36","slug":"pourquoi-ce-sommet","status":"publish","type":"page","link":"https:\/\/ibogaleadershipsummit.com\/fr\/why-this-summit\/","title":{"rendered":"Pourquoi ?"},"content":{"rendered":"<div data-elementor-type=\"wp-page\" data-elementor-id=\"7206\" class=\"elementor elementor-7206\" data-elementor-post-type=\"page\">\n\t\t\t\t<div class=\"elementor-element elementor-element-e6c36b3 e-con-full e-flex e-con e-parent\" data-id=\"e6c36b3\" data-element_type=\"container\" data-e-type=\"container\" data-settings=\"{&quot;background_background&quot;:&quot;classic&quot;}\">\n\t\t\t\t<div class=\"elementor-element elementor-element-26a7c25 animated-fast elementor-invisible elementor-widget elementor-widget-heading\" data-id=\"26a7c25\" data-element_type=\"widget\" data-e-type=\"widget\" data-settings=\"{&quot;_animation&quot;:&quot;fadeInDown&quot;}\" data-widget_type=\"heading.default\">\n\t\t\t\t\t<h1 class=\"elementor-heading-title elementor-size-default\">Pourquoi ce sommet ?<\/h1>\t\t\t\t<\/div>\n\t\t\t\t<\/div>\n\t\t<div class=\"elementor-element elementor-element-b2123ee e-flex e-con-boxed e-con e-parent\" data-id=\"b2123ee\" data-element_type=\"container\" data-e-type=\"container\">\n\t\t\t\t\t<div class=\"e-con-inner\">\n\t\t\t\t<div class=\"elementor-element elementor-element-aef8c9f elementor-widget__width-initial elementor-absolute elementor-widget elementor-widget-html\" data-id=\"aef8c9f\" data-element_type=\"widget\" data-e-type=\"widget\" data-settings=\"{&quot;_position&quot;:&quot;absolute&quot;}\" data-widget_type=\"html.default\">\n\t\t\t\t\t<div class=\"cirlce-blur\"><\/div>\t\t\t\t<\/div>\n\t\t\t\t\t<\/div>\n\t\t\t\t<\/div>\n\t\t<div class=\"elementor-element elementor-element-8222de1 e-flex e-con-boxed e-con e-parent\" data-id=\"8222de1\" data-element_type=\"container\" data-e-type=\"container\">\n\t\t\t\t\t<div class=\"e-con-inner\">\n\t\t\t\t<div class=\"elementor-element elementor-element-789fede elementor-widget elementor-widget-heading\" data-id=\"789fede\" data-element_type=\"widget\" data-e-type=\"widget\" data-widget_type=\"heading.default\">\n\t\t\t\t\t<h2 class=\"elementor-heading-title elementor-size-default\">Pourquoi ce sommet ?<\/h2>\t\t\t\t<\/div>\n\t\t<div class=\"elementor-element elementor-element-cf541b5 e-con-full e-flex e-con e-child\" data-id=\"cf541b5\" data-element_type=\"container\" data-e-type=\"container\">\n\t\t\t\t<div class=\"elementor-element elementor-element-22a6511 elementor-widget elementor-widget-text-editor\" data-id=\"22a6511\" data-element_type=\"widget\" data-e-type=\"widget\" data-widget_type=\"text-editor.default\">\n\t\t\t\t\t\t\t\t\t<p>Enregistr\u00e9 au c\u0153ur du village de Moughenda, il s'agit d'une <strong>appel au monde<\/strong>.<\/p><p>Un appel \u00e0 red\u00e9couvrir une tradition vivante.<br \/>Un appel \u00e0 reconnecter les connaissances ancestrales avec les d\u00e9fis mondiaux actuels en mati\u00e8re de sant\u00e9.<br \/>Un appel \u00e0 se rassembler et \u00e0 s'attaquer aux causes profondes des maladies modernes.<\/p><p>De <strong>21-24 juin 2026<\/strong>, Des chercheurs, des praticiens, des m\u00e9decins et des d\u00e9tenteurs de connaissances se r\u00e9uniront \u00e0 Libreville, au Gabon, \u00e0 l'occasion du <strong>Iboga Leadership Summit<\/strong>.<\/p><p>C'est plus qu'une conf\u00e9rence.<\/p><p>D\u00e9couvrez la suite ci-dessous<\/p>\t\t\t\t\t\t\t\t<\/div>\n\t\t\t\t<div class=\"elementor-element elementor-element-b9b7cb2 elementor-widget elementor-widget-video\" data-id=\"b9b7cb2\" data-element_type=\"widget\" data-e-type=\"widget\" data-settings=\"{&quot;youtube_url&quot;:&quot;https:\\\/\\\/youtu.be\\\/XqojrpyiyJE&quot;,&quot;video_type&quot;:&quot;youtube&quot;,&quot;controls&quot;:&quot;yes&quot;}\" data-widget_type=\"video.default\">\n\t\t\t\t\t\t\t<div class=\"elementor-wrapper elementor-open-inline\">\n\t\t\t<div class=\"elementor-video\"><\/div>\t\t<\/div>\n\t\t\t\t\t\t<\/div>\n\t\t\t\t<\/div>\n\t\t\t\t\t<\/div>\n\t\t\t\t<\/div>\n\t\t\t\t<\/div>","protected":false},"excerpt":{"rendered":"<p>Why this summit? Why this summit? Recorded in the heart of Moughenda Village, this is a call to the world. A call to rediscover a living tradition.A call to reconnect ancestral knowledge with today\u2019s global health challenges.A call to come together and address the root causes of modern diseases. From June 21\u201324, 2026, researchers, practitioners, [&hellip;]<\/p>\n","protected":false},"author":1,"featured_media":0,"parent":0,"menu_order":0,"comment_status":"closed","ping_status":"closed","template":"","meta":{"_acf_changed":false,"footnotes":""},"class_list":["post-7206","page","type-page","status-publish","hentry"],"acf":[],"_links":{"self":[{"href":"https:\/\/ibogaleadershipsummit.com\/fr\/wp-json\/wp\/v2\/pages\/7206","targetHints":{"allow":["GET"]}}],"collection":[{"href":"https:\/\/ibogaleadershipsummit.com\/fr\/wp-json\/wp\/v2\/pages"}],"about":[{"href":"https:\/\/ibogaleadershipsummit.com\/fr\/wp-json\/wp\/v2\/types\/page"}],"author":[{"embeddable":true,"href":"https:\/\/ibogaleadershipsummit.com\/fr\/wp-json\/wp\/v2\/users\/1"}],"replies":[{"embeddable":true,"href":"https:\/\/ibogaleadershipsummit.com\/fr\/wp-json\/wp\/v2\/comments?post=7206"}],"version-history":[{"count":17,"href":"https:\/\/ibogaleadershipsummit.com\/fr\/wp-json\/wp\/v2\/pages\/7206\/revisions"}],"predecessor-version":[{"id":7228,"href":"https:\/\/ibogaleadershipsummit.com\/fr\/wp-json\/wp\/v2\/pages\/7206\/revisions\/7228"}],"wp:attachment":[{"href":"https:\/\/ibogaleadershipsummit.com\/fr\/wp-json\/wp\/v2\/media?parent=7206"}],"curies":[{"name":"wp","href":"https:\/\/api.w.org\/{rel}","templated":true}]}}