{"id":6975,"date":"2025-12-15T10:55:35","date_gmt":"2025-12-15T09:55:35","guid":{"rendered":"https:\/\/ibogaleadershipsummit.com\/?page_id=6975"},"modified":"2025-12-15T16:08:55","modified_gmt":"2025-12-15T15:08:55","slug":"informations-pratiques","status":"publish","type":"page","link":"https:\/\/ibogaleadershipsummit.com\/fr\/practical-information\/","title":{"rendered":"Informations pratiques"},"content":{"rendered":"<div data-elementor-type=\"wp-page\" data-elementor-id=\"6975\" class=\"elementor elementor-6975\" data-elementor-post-type=\"page\">\n\t\t\t\t<div class=\"elementor-element elementor-element-6628c35 e-con-full e-flex e-con e-parent\" data-id=\"6628c35\" data-element_type=\"container\" data-e-type=\"container\" data-settings=\"{&quot;background_background&quot;:&quot;classic&quot;}\">\n\t\t\t\t<div class=\"elementor-element elementor-element-2e633c1 animated-fast elementor-invisible elementor-widget elementor-widget-heading\" data-id=\"2e633c1\" data-element_type=\"widget\" data-e-type=\"widget\" data-settings=\"{&quot;_animation&quot;:&quot;fadeInDown&quot;}\" data-widget_type=\"heading.default\">\n\t\t\t\t\t<h1 class=\"elementor-heading-title elementor-size-default\">Se rendre \u00e0 la conf\u00e9rence<\/h1>\t\t\t\t<\/div>\n\t\t\t\t<\/div>\n\t\t<div class=\"elementor-element elementor-element-e2ab71f e-flex e-con-boxed e-con e-parent\" data-id=\"e2ab71f\" data-element_type=\"container\" data-e-type=\"container\">\n\t\t\t\t\t<div class=\"e-con-inner\">\n\t\t\t\t<div class=\"elementor-element elementor-element-f0c5244 elementor-widget__width-initial elementor-absolute elementor-widget elementor-widget-html\" data-id=\"f0c5244\" data-element_type=\"widget\" data-e-type=\"widget\" data-settings=\"{&quot;_position&quot;:&quot;absolute&quot;}\" data-widget_type=\"html.default\">\n\t\t\t\t\t<div class=\"cirlce-blur\"><\/div>\t\t\t\t<\/div>\n\t\t\t\t\t<\/div>\n\t\t\t\t<\/div>\n\t\t<div class=\"elementor-element elementor-element-5deb0ad e-flex e-con-boxed e-con e-parent\" data-id=\"5deb0ad\" data-element_type=\"container\" data-e-type=\"container\">\n\t\t\t\t\t<div class=\"e-con-inner\">\n\t\t\t\t<div class=\"elementor-element elementor-element-9aca420 elementor-widget elementor-widget-heading\" data-id=\"9aca420\" data-element_type=\"widget\" data-e-type=\"widget\" data-widget_type=\"heading.default\">\n\t\t\t\t\t<h2 class=\"elementor-heading-title elementor-size-default\">Informations pratiques<\/h2>\t\t\t\t<\/div>\n\t\t\t\t<div class=\"elementor-element elementor-element-1bef198 elementor-widget elementor-widget-text-editor\" data-id=\"1bef198\" data-element_type=\"widget\" data-e-type=\"widget\" data-widget_type=\"text-editor.default\">\n\t\t\t\t\t\t\t\t\t<p><span style=\"color: #333333;\">Voyager au Gabon est bien plus simple que ce que beaucoup imaginent. Libreville est bien reli\u00e9e aux principaux centres europ\u00e9ens et internationaux, et notre \u00e9quipe peut vous aider \u00e0 chaque \u00e9tape de votre voyage - de la r\u00e9servation de votre vol \u00e0 votre arriv\u00e9e sur place.<br \/><br \/>Notre objectif est simple : rendre votre voyage fluide, clair et rassurant.<br \/><\/span><\/p>\t\t\t\t\t\t\t\t<\/div>\n\t\t\t\t\t<\/div>\n\t\t\t\t<\/div>\n\t\t<div class=\"elementor-element elementor-element-b542235 e-flex e-con-boxed e-con e-parent\" data-id=\"b542235\" data-element_type=\"container\" data-e-type=\"container\">\n\t\t\t\t\t<div class=\"e-con-inner\">\n\t\t\t\t<div class=\"elementor-element elementor-element-12229f4 elementor-widget elementor-widget-heading\" data-id=\"12229f4\" data-element_type=\"widget\" data-e-type=\"widget\" data-widget_type=\"heading.default\">\n\t\t\t\t\t<h2 class=\"elementor-heading-title elementor-size-default\">Arriv\u00e9e au Gabon<\/h2>\t\t\t\t<\/div>\n\t\t\t\t\t<\/div>\n\t\t\t\t<\/div>\n\t\t<div class=\"elementor-element elementor-element-2818871 e-flex e-con-boxed e-con e-parent\" data-id=\"2818871\" data-element_type=\"container\" data-e-type=\"container\">\n\t\t\t\t\t<div class=\"e-con-inner\">\n\t\t<div class=\"elementor-element elementor-element-9d9db00 e-con-full e-flex e-con e-child\" data-id=\"9d9db00\" data-element_type=\"container\" data-e-type=\"container\">\n\t\t\t\t<div class=\"elementor-element elementor-element-5f5debc elementor-widget elementor-widget-heading\" data-id=\"5f5debc\" data-element_type=\"widget\" data-e-type=\"widget\" data-widget_type=\"heading.default\">\n\t\t\t\t\t<h3 class=\"elementor-heading-title elementor-size-default\">De l'Europe<\/h3>\t\t\t\t<\/div>\n\t\t\t\t<div class=\"elementor-element elementor-element-fc8a421 elementor-widget elementor-widget-text-editor\" data-id=\"fc8a421\" data-element_type=\"widget\" data-e-type=\"widget\" data-widget_type=\"text-editor.default\">\n\t\t\t\t\t\t\t\t\t<p>Les principales routes a\u00e9riennes \u00e0 destination de Libreville (LBV) sont les suivantes :<\/p><p>\u00a0<\/p><p><strong>Air France<\/strong><br \/>Vol direct Paris (CDG) \u2192 Libreville (environ 7 heures).<br \/>Il s'agit de l'option la plus simple et la plus couramment utilis\u00e9e.<\/p><p>\u00a0<\/p><p><strong>Brussels Airlines<\/strong><br \/>Bruxelles \u2192 Libreville, g\u00e9n\u00e9ralement avec une escale (souvent \u00e0 Douala).<\/p><p>\u00a0<\/p><p><strong>Turkish Airlines<\/strong><br \/>Istanbul \u2192 Libreville, offrant d'excellentes connexions depuis toute l'Europe.<\/p><p>\u00a0<\/p><p>\ud83d\udc49 Depuis la France, la Belgique, la Suisse, l'Espagne ou l'Allemagne, Paris et Bruxelles restent les plaques tournantes les plus pratiques.<\/p>\t\t\t\t\t\t\t\t<\/div>\n\t\t\t\t<\/div>\n\t\t<div class=\"elementor-element elementor-element-26a7d72 e-con-full e-flex e-con e-child\" data-id=\"26a7d72\" data-element_type=\"container\" data-e-type=\"container\">\n\t\t\t\t<div class=\"elementor-element elementor-element-fdc384c elementor-widget elementor-widget-heading\" data-id=\"fdc384c\" data-element_type=\"widget\" data-e-type=\"widget\" data-widget_type=\"heading.default\">\n\t\t\t\t\t<h3 class=\"elementor-heading-title elementor-size-default\">Depuis les \u00c9tats-Unis et le Canada<\/h3>\t\t\t\t<\/div>\n\t\t\t\t<div class=\"elementor-element elementor-element-a91279b elementor-widget elementor-widget-text-editor\" data-id=\"a91279b\" data-element_type=\"widget\" data-e-type=\"widget\" data-widget_type=\"text-editor.default\">\n\t\t\t\t\t\t\t\t\t<p><span style=\"color: #333333;\">Il n'y a pas de vols directs depuis l'Am\u00e9rique du Nord, mais les correspondances sont faciles et fiables :<br \/><br \/><strong>Paris<\/strong> (Air France)<br \/><br \/><strong>Istanbul<\/strong> (Turkish Airlines)<br \/><br \/><strong>Casablanca<\/strong> (Royal Air Maroc)<br \/><br \/>Les grandes villes telles que New York, Washington D.C., Montr\u00e9al, Toronto et Atlanta sont bien reli\u00e9es \u00e0 ces plaques tournantes.<\/span><\/p>\t\t\t\t\t\t\t\t<\/div>\n\t\t\t\t<\/div>\n\t\t\t\t\t<\/div>\n\t\t\t\t<\/div>\n\t\t<div class=\"elementor-element elementor-element-b9a84f3 e-flex e-con-boxed e-con e-parent\" data-id=\"b9a84f3\" data-element_type=\"container\" data-e-type=\"container\">\n\t\t\t\t\t<div class=\"e-con-inner\">\n\t\t<div class=\"elementor-element elementor-element-fe5562b e-con-full e-flex e-con e-child\" data-id=\"fe5562b\" data-element_type=\"container\" data-e-type=\"container\">\n\t\t\t\t<div class=\"elementor-element elementor-element-78c1c47 elementor-widget elementor-widget-image\" data-id=\"78c1c47\" data-element_type=\"widget\" data-e-type=\"widget\" data-widget_type=\"image.default\">\n\t\t\t\t\t\t\t\t\t\t\t\t\t\t\t<img fetchpriority=\"high\" decoding=\"async\" width=\"800\" height=\"800\" src=\"https:\/\/ibogaleadershipsummit.com\/wp-content\/uploads\/2025\/12\/gabon-jungle-1.webp\" class=\"attachment-large size-large wp-image-6988\" alt=\"\" srcset=\"https:\/\/ibogaleadershipsummit.com\/wp-content\/uploads\/2025\/12\/gabon-jungle-1.webp 1024w, https:\/\/ibogaleadershipsummit.com\/wp-content\/uploads\/2025\/12\/gabon-jungle-1-300x300.webp 300w, https:\/\/ibogaleadershipsummit.com\/wp-content\/uploads\/2025\/12\/gabon-jungle-1-150x150.webp 150w, https:\/\/ibogaleadershipsummit.com\/wp-content\/uploads\/2025\/12\/gabon-jungle-1-768x768.webp 768w, https:\/\/ibogaleadershipsummit.com\/wp-content\/uploads\/2025\/12\/gabon-jungle-1-12x12.webp 12w\" sizes=\"(max-width: 800px) 100vw, 800px\" \/>\t\t\t\t\t\t\t\t\t\t\t\t\t\t\t<\/div>\n\t\t\t\t<\/div>\n\t\t<div class=\"elementor-element elementor-element-c635977 e-con-full e-flex e-con e-child\" data-id=\"c635977\" data-element_type=\"container\" data-e-type=\"container\">\n\t\t\t\t<div class=\"elementor-element elementor-element-a66b4f3 elementor-widget elementor-widget-heading\" data-id=\"a66b4f3\" data-element_type=\"widget\" data-e-type=\"widget\" data-widget_type=\"heading.default\">\n\t\t\t\t\t<h3 class=\"elementor-heading-title elementor-size-default\">Arriv\u00e9e \u00e0 l'a\u00e9roport et transferts<\/h3>\t\t\t\t<\/div>\n\t\t\t\t<div class=\"elementor-element elementor-element-888b7ce elementor-widget elementor-widget-text-editor\" data-id=\"888b7ce\" data-element_type=\"widget\" data-e-type=\"widget\" data-widget_type=\"text-editor.default\">\n\t\t\t\t\t\t\t\t\t<p><span style=\"color: #333333;\">Arriv\u00e9e \u00e0 l'a\u00e9roport international L\u00e9on-Mba de Libreville :<\/span><\/p><ul><li>Autorisation d'immigration<\/li><li>R\u00e9ception des bagages<\/li><li>Accueil facultatif par notre \u00e9quipe (en fonction de votre forfait)<\/li><li>Transfert vers votre h\u00e9bergement ou directement vers le lieu de la conf\u00e9rence<\/li><\/ul><p>\u00a0<\/p><p>\ud83d\udc49 Des transferts a\u00e9roportuaires peuvent \u00eatre organis\u00e9s pour garantir une arriv\u00e9e en douceur et sans stress.<\/p>\t\t\t\t\t\t\t\t<\/div>\n\t\t\t\t<div class=\"elementor-element elementor-element-282dbc4 elementor-widget elementor-widget-heading\" data-id=\"282dbc4\" data-element_type=\"widget\" data-e-type=\"widget\" data-widget_type=\"heading.default\">\n\t\t\t\t\t<h3 class=\"elementor-heading-title elementor-size-default\">Visa et conditions d'entr\u00e9e<\/h3>\t\t\t\t<\/div>\n\t\t\t\t<div class=\"elementor-element elementor-element-92fa968 elementor-widget elementor-widget-text-editor\" data-id=\"92fa968\" data-element_type=\"widget\" data-e-type=\"widget\" data-widget_type=\"text-editor.default\">\n\t\t\t\t\t\t\t\t\t<p><strong><span style=\"color: #333333;\">Visa pour le Gabon<\/span><\/strong><\/p><p>La plupart des voyageurs ont besoin d'un visa de tourisme ou d'\u00e9v\u00e9nement pour entrer au Gabon.<\/p><p>Deux options principales sont disponibles :<\/p><ol><li>E-visa (demande en ligne)<\/li><li>Visa accompagn\u00e9 d'une lettre d'invitation officielle<\/li><\/ol>\t\t\t\t\t\t\t\t<\/div>\n\t\t\t\t<div class=\"elementor-element elementor-element-81821fa elementor-widget elementor-widget-heading\" data-id=\"81821fa\" data-element_type=\"widget\" data-e-type=\"widget\" data-widget_type=\"heading.default\">\n\t\t\t\t\t<h3 class=\"elementor-heading-title elementor-size-default\">Documents couramment exig\u00e9s<\/h3>\t\t\t\t<\/div>\n\t\t\t\t<div class=\"elementor-element elementor-element-f74151d elementor-widget elementor-widget-text-editor\" data-id=\"f74151d\" data-element_type=\"widget\" data-e-type=\"widget\" data-widget_type=\"text-editor.default\">\n\t\t\t\t\t\t\t\t\t<ul><li><span style=\"color: #333333;\">Passeport valable au moins 6 mois<br \/><\/span><\/li><li><span style=\"color: #333333;\">Billet d'avion aller-retour<br \/><\/span><\/li><li><span style=\"color: #333333;\">R\u00e9servation d'h\u00e9bergement<br \/><\/span><\/li><li><span style=\"color: #333333;\">Certificat de vaccination contre la fi\u00e8vre jaune (obligatoire)<br \/><\/span><\/li><li><span style=\"color: #333333;\">Lettre d'invitation (fournie sur demande)<br \/><\/span><\/li><\/ul>\t\t\t\t\t\t\t\t<\/div>\n\t\t\t\t<\/div>\n\t\t\t\t\t<\/div>\n\t\t\t\t<\/div>\n\t\t<div class=\"elementor-element elementor-element-0134f78 e-flex e-con-boxed e-con e-parent\" data-id=\"0134f78\" data-element_type=\"container\" data-e-type=\"container\">\n\t\t\t\t\t<div class=\"e-con-inner\">\n\t\t<div class=\"elementor-element elementor-element-a800fc7 e-con-full e-flex e-con e-child\" data-id=\"a800fc7\" data-element_type=\"container\" data-e-type=\"container\">\n\t\t\t\t<div class=\"elementor-element elementor-element-ca9b358 elementor-widget elementor-widget-heading\" data-id=\"ca9b358\" data-element_type=\"widget\" data-e-type=\"widget\" data-widget_type=\"heading.default\">\n\t\t\t\t\t<h3 class=\"elementor-heading-title elementor-size-default\">Notre soutien<\/h3>\t\t\t\t<\/div>\n\t\t\t\t<div class=\"elementor-element elementor-element-9eae43f elementor-widget elementor-widget-text-editor\" data-id=\"9eae43f\" data-element_type=\"widget\" data-e-type=\"widget\" data-widget_type=\"text-editor.default\">\n\t\t\t\t\t\t\t\t\t<p><span style=\"color: #333333;\">Nous offrons une assistance compl\u00e8te pour la proc\u00e9dure de visa, y compris :<br \/><\/span><\/p><ul><li><span style=\"color: #333333;\">D\u00e9livrance d'une lettre d'invitation officielle<br \/><\/span><\/li><li><span style=\"color: #333333;\">Des conseils clairs, \u00e9tape par \u00e9tape<br \/><\/span><\/li><li><span style=\"color: #333333;\">Examen de vos documents avant leur soumission<br \/><br \/><\/span><\/li><\/ul><p><span style=\"color: #333333;\">\ud83d\udc49 Vous n'\u00eates pas laiss\u00e9 seul face aux proc\u00e9dures administratives - nous vous soutenons tout au long du processus.<br \/><\/span><\/p>\t\t\t\t\t\t\t\t<\/div>\n\t\t\t\t<\/div>\n\t\t<div class=\"elementor-element elementor-element-36a486d e-con-full e-flex e-con e-child\" data-id=\"36a486d\" data-element_type=\"container\" data-e-type=\"container\">\n\t\t\t\t<div class=\"elementor-element elementor-element-a3d1ed2 elementor-widget elementor-widget-image\" data-id=\"a3d1ed2\" data-element_type=\"widget\" data-e-type=\"widget\" data-widget_type=\"image.default\">\n\t\t\t\t\t\t\t\t\t\t\t\t\t\t\t<img decoding=\"async\" width=\"800\" height=\"534\" src=\"https:\/\/ibogaleadershipsummit.com\/wp-content\/uploads\/2025\/12\/passport.webp\" class=\"attachment-large size-large wp-image-6992\" alt=\"\" srcset=\"https:\/\/ibogaleadershipsummit.com\/wp-content\/uploads\/2025\/12\/passport.webp 800w, https:\/\/ibogaleadershipsummit.com\/wp-content\/uploads\/2025\/12\/passport-300x200.webp 300w, https:\/\/ibogaleadershipsummit.com\/wp-content\/uploads\/2025\/12\/passport-768x513.webp 768w, https:\/\/ibogaleadershipsummit.com\/wp-content\/uploads\/2025\/12\/passport-18x12.webp 18w\" sizes=\"(max-width: 800px) 100vw, 800px\" \/>\t\t\t\t\t\t\t\t\t\t\t\t\t\t\t<\/div>\n\t\t\t\t<\/div>\n\t\t\t\t\t<\/div>\n\t\t\t\t<\/div>\n\t\t<div class=\"elementor-element elementor-element-d7b7987 e-flex e-con-boxed e-con e-parent\" data-id=\"d7b7987\" data-element_type=\"container\" data-e-type=\"container\">\n\t\t\t\t\t<div class=\"e-con-inner\">\n\t\t<div class=\"elementor-element elementor-element-67c1148 e-con-full e-flex e-con e-child\" data-id=\"67c1148\" data-element_type=\"container\" data-e-type=\"container\">\n\t\t\t\t<div class=\"elementor-element elementor-element-0083cf6 elementor-widget elementor-widget-image\" data-id=\"0083cf6\" data-element_type=\"widget\" data-e-type=\"widget\" data-widget_type=\"image.default\">\n\t\t\t\t\t\t\t\t\t\t\t\t\t\t\t<img decoding=\"async\" width=\"656\" height=\"1024\" src=\"https:\/\/ibogaleadershipsummit.com\/wp-content\/uploads\/2025\/12\/gabon2-656x1024.webp\" class=\"attachment-large size-large wp-image-6994\" alt=\"\" srcset=\"https:\/\/ibogaleadershipsummit.com\/wp-content\/uploads\/2025\/12\/gabon2-656x1024.webp 656w, https:\/\/ibogaleadershipsummit.com\/wp-content\/uploads\/2025\/12\/gabon2-192x300.webp 192w, https:\/\/ibogaleadershipsummit.com\/wp-content\/uploads\/2025\/12\/gabon2-768x1199.webp 768w, https:\/\/ibogaleadershipsummit.com\/wp-content\/uploads\/2025\/12\/gabon2-8x12.webp 8w, https:\/\/ibogaleadershipsummit.com\/wp-content\/uploads\/2025\/12\/gabon2.webp 800w\" sizes=\"(max-width: 656px) 100vw, 656px\" \/>\t\t\t\t\t\t\t\t\t\t\t\t\t\t\t<\/div>\n\t\t\t\t<\/div>\n\t\t<div class=\"elementor-element elementor-element-1e9246f e-con-full e-flex e-con e-child\" data-id=\"1e9246f\" data-element_type=\"container\" data-e-type=\"container\">\n\t\t\t\t<div class=\"elementor-element elementor-element-189a5c0 elementor-widget elementor-widget-heading\" data-id=\"189a5c0\" data-element_type=\"widget\" data-e-type=\"widget\" data-widget_type=\"heading.default\">\n\t\t\t\t\t<h3 class=\"elementor-heading-title elementor-size-default\">S\u00e9curit\u00e9, sant\u00e9 et tranquillit\u00e9 d'esprit<\/h3>\t\t\t\t<\/div>\n\t\t\t\t<div class=\"elementor-element elementor-element-ba56d97 elementor-widget elementor-widget-text-editor\" data-id=\"ba56d97\" data-element_type=\"widget\" data-e-type=\"widget\" data-widget_type=\"text-editor.default\">\n\t\t\t\t\t\t\t\t\t<p><span style=\"color: #333333;\">Le Gabon est un pays stable et accueillant, habitu\u00e9 aux visiteurs internationaux.<br \/><br \/>Quelques points pratiques :<br \/><br \/><\/span><\/p><ul><li><span style=\"color: #333333;\">La vaccination contre la fi\u00e8vre jaune est obligatoire<br \/><\/span><\/li><li><span style=\"color: #333333;\">Une assurance voyage est fortement recommand\u00e9e<br \/><\/span><\/li><li><span style=\"color: #333333;\">Il est conseill\u00e9 de boire de l'eau en bouteille, comme dans de nombreux pays du monde.<br \/><br \/><\/span><\/li><\/ul><p><span style=\"color: #333333;\">\ud83d\udc49 Sur place, nous travaillons avec des partenaires locaux de confiance et avons une connaissance approfondie de la r\u00e9gion.<br \/><\/span><\/p>\t\t\t\t\t\t\t\t<\/div>\n\t\t\t\t<div class=\"elementor-element elementor-element-8b535a5 elementor-widget elementor-widget-heading\" data-id=\"8b535a5\" data-element_type=\"widget\" data-e-type=\"widget\" data-widget_type=\"heading.default\">\n\t\t\t\t\t<h3 class=\"elementor-heading-title elementor-size-default\">Besoin d'aide ? Nous sommes l\u00e0 pour vous aider<\/h3>\t\t\t\t<\/div>\n\t\t\t\t<div class=\"elementor-element elementor-element-57af9cc elementor-widget elementor-widget-text-editor\" data-id=\"57af9cc\" data-element_type=\"widget\" data-e-type=\"widget\" data-widget_type=\"text-editor.default\">\n\t\t\t\t\t\t\t\t\t<p><span style=\"color: #333333;\">Si voyager en Afrique centrale vous semble peu familier ou intimidant, c'est tout \u00e0 fait normal.<br \/>C'est pr\u00e9cis\u00e9ment pour cette raison que nous offrons un soutien personnalis\u00e9 :<br \/><br \/><\/span><\/p><ul><li><span style=\"color: #333333;\">Conseils et recommandations pour les vols<br \/><\/span><\/li><li><span style=\"color: #333333;\">Conseils pratiques avant le d\u00e9part<br \/><\/span><\/li><li><span style=\"color: #333333;\">Assistance pour les visas et les lettres d'invitation<br \/><\/span><\/li><li><span style=\"color: #333333;\">Accueil \u00e0 l'a\u00e9roport et logistique locale<br \/><br \/><\/span><\/li><\/ul><p><span style=\"color: #333333;\">Vous ne voyagez pas dans l'inconnu.<br \/>Vous arrivez dans un environnement bien organis\u00e9, s\u00e9curis\u00e9 et centr\u00e9 sur l'humain.<\/span><\/p>\t\t\t\t\t\t\t\t<\/div>\n\t\t\t\t<\/div>\n\t\t\t\t\t<\/div>\n\t\t\t\t<\/div>\n\t\t<div class=\"elementor-element elementor-element-4f7c34d e-flex e-con-boxed e-con e-parent\" data-id=\"4f7c34d\" data-element_type=\"container\" data-e-type=\"container\">\n\t\t\t\t\t<div class=\"e-con-inner\">\n\t\t\t\t<div class=\"elementor-element elementor-element-77ef0f7 elementor-widget elementor-widget-heading\" data-id=\"77ef0f7\" data-element_type=\"widget\" data-e-type=\"widget\" data-widget_type=\"heading.default\">\n\t\t\t\t\t<h2 class=\"elementor-heading-title elementor-size-default\">Contactez nous<\/h2>\t\t\t\t<\/div>\n\t\t\t\t<div class=\"elementor-element elementor-element-2255c03 elementor-widget elementor-widget-text-editor\" data-id=\"2255c03\" data-element_type=\"widget\" data-e-type=\"widget\" data-widget_type=\"text-editor.default\">\n\t\t\t\t\t\t\t\t\t<p><span style=\"color: #333333;\">Pour toute question ou pour b\u00e9n\u00e9ficier d'une assistance personnalis\u00e9e pour l'organisation de votre voyage :<br \/><\/span><\/p>\t\t\t\t\t\t\t\t<\/div>\n\t\t\t\t<div class=\"elementor-element elementor-element-c2b3e3c elementor-widget elementor-widget-button\" data-id=\"c2b3e3c\" data-element_type=\"widget\" data-e-type=\"widget\" data-widget_type=\"button.default\">\n\t\t\t\t\t\t\t\t\t\t<a class=\"elementor-button elementor-button-link elementor-size-sm\" href=\"https:\/\/ibogaleadershipsummit.com\/fr\/contact-us\/\">\n\t\t\t\t\t\t<span class=\"elementor-button-content-wrapper\">\n\t\t\t\t\t\t\t\t\t<span class=\"elementor-button-text\">Contactez nous<\/span>\n\t\t\t\t\t<\/span>\n\t\t\t\t\t<\/a>\n\t\t\t\t\t\t\t\t<\/div>\n\t\t\t\t\t<\/div>\n\t\t\t\t<\/div>\n\t\t\t\t<\/div>","protected":false},"excerpt":{"rendered":"<p>Getting to the Conference Practical information Traveling to Gabon is far simpler than many people imagine. Libreville is well connected to major European and international hubs, and our team can support you at every stage of your journey \u2014 from booking your flight to your arrival on site. Our goal is simple: make your trip [&hellip;]<\/p>\n","protected":false},"author":4,"featured_media":0,"parent":0,"menu_order":0,"comment_status":"closed","ping_status":"closed","template":"","meta":{"_acf_changed":false,"footnotes":""},"class_list":["post-6975","page","type-page","status-publish","hentry"],"acf":[],"_links":{"self":[{"href":"https:\/\/ibogaleadershipsummit.com\/fr\/wp-json\/wp\/v2\/pages\/6975","targetHints":{"allow":["GET"]}}],"collection":[{"href":"https:\/\/ibogaleadershipsummit.com\/fr\/wp-json\/wp\/v2\/pages"}],"about":[{"href":"https:\/\/ibogaleadershipsummit.com\/fr\/wp-json\/wp\/v2\/types\/page"}],"author":[{"embeddable":true,"href":"https:\/\/ibogaleadershipsummit.com\/fr\/wp-json\/wp\/v2\/users\/4"}],"replies":[{"embeddable":true,"href":"https:\/\/ibogaleadershipsummit.com\/fr\/wp-json\/wp\/v2\/comments?post=6975"}],"version-history":[{"count":13,"href":"https:\/\/ibogaleadershipsummit.com\/fr\/wp-json\/wp\/v2\/pages\/6975\/revisions"}],"predecessor-version":[{"id":6997,"href":"https:\/\/ibogaleadershipsummit.com\/fr\/wp-json\/wp\/v2\/pages\/6975\/revisions\/6997"}],"wp:attachment":[{"href":"https:\/\/ibogaleadershipsummit.com\/fr\/wp-json\/wp\/v2\/media?parent=6975"}],"curies":[{"name":"wp","href":"https:\/\/api.w.org\/{rel}","templated":true}]}}