{"id":5528,"date":"2016-12-05T10:24:59","date_gmt":"2016-12-05T10:24:59","guid":{"rendered":"https:\/\/bwiticonf.hobbitton.at\/?page_id=5528"},"modified":"2026-04-05T13:10:49","modified_gmt":"2026-04-05T12:10:49","slug":"homepage-inspiro","status":"publish","type":"page","link":"https:\/\/ibogaleadershipsummit.com\/fr\/","title":{"rendered":"Page d'accueil"},"content":{"rendered":"<div data-elementor-type=\"wp-page\" data-elementor-id=\"5528\" class=\"elementor elementor-5528\" data-elementor-post-type=\"page\">\n\t\t\t\t<div class=\"elementor-element elementor-element-63ad02f e-con-full e-flex e-con e-parent\" data-id=\"63ad02f\" data-element_type=\"container\" data-e-type=\"container\" data-settings=\"{&quot;background_background&quot;:&quot;classic&quot;}\">\n\t\t<div class=\"elementor-element elementor-element-46d38af e-con-full e-flex elementor-invisible e-con e-child\" data-id=\"46d38af\" data-element_type=\"container\" data-e-type=\"container\" data-settings=\"{&quot;animation&quot;:&quot;fadeIn&quot;}\">\n\t\t\t\t<div class=\"elementor-element elementor-element-6653888 elementor-widget elementor-widget-heading\" data-id=\"6653888\" data-element_type=\"widget\" data-e-type=\"widget\" data-widget_type=\"heading.default\">\n\t\t\t\t\t<h1 class=\"elementor-heading-title elementor-size-default\"><span>Iboga<\/span><br>\nSommet des dirigeants<\/h1>\t\t\t\t<\/div>\n\t\t\t\t<div class=\"elementor-element elementor-element-6d06a3d elementor-widget elementor-widget-text-editor\" data-id=\"6d06a3d\" data-element_type=\"widget\" data-e-type=\"widget\" data-widget_type=\"text-editor.default\">\n\t\t\t\t\t\t\t\t\t<p>\u00c9veiller le monde \u00e0 l'esprit de l'Iboga<\/p>\t\t\t\t\t\t\t\t<\/div>\n\t\t\t\t<div class=\"elementor-element elementor-element-581752a elementor-widget elementor-widget-text-editor\" data-id=\"581752a\" data-element_type=\"widget\" data-e-type=\"widget\" data-widget_type=\"text-editor.default\">\n\t\t\t\t\t\t\t\t\t<p>22 \u2013 28 juin 2026<br \/>Libreville, Gabon<\/p>\t\t\t\t\t\t\t\t<\/div>\n\t\t<div class=\"elementor-element elementor-element-1422266 e-con-full e-flex e-con e-child\" data-id=\"1422266\" data-element_type=\"container\" data-e-type=\"container\">\n\t\t\t\t<div class=\"elementor-element elementor-element-4254ecf elementor-widget elementor-widget-button\" data-id=\"4254ecf\" data-element_type=\"widget\" data-e-type=\"widget\" data-widget_type=\"button.default\">\n\t\t\t\t\t\t\t\t\t\t<a class=\"elementor-button elementor-button-link elementor-size-sm\" href=\"https:\/\/tickets.ibogaleadershipsummit.com\/events\/moughendavillage\/1922925\" target=\"_blank\">\n\t\t\t\t\t\t<span class=\"elementor-button-content-wrapper\">\n\t\t\t\t\t\t\t\t\t<span class=\"elementor-button-text\">Acheter un billet<\/span>\n\t\t\t\t\t<\/span>\n\t\t\t\t\t<\/a>\n\t\t\t\t\t\t\t\t<\/div>\n\t\t\t\t<div class=\"elementor-element elementor-element-f8af49a elementor-widget elementor-widget-button\" data-id=\"f8af49a\" data-element_type=\"widget\" data-e-type=\"widget\" data-widget_type=\"button.default\">\n\t\t\t\t\t\t\t\t\t\t<a class=\"elementor-button elementor-button-link elementor-size-sm\" href=\"https:\/\/ibogaleadershipsummit.com\/fr\/schedule\/\">\n\t\t\t\t\t\t<span class=\"elementor-button-content-wrapper\">\n\t\t\t\t\t\t\t\t\t<span class=\"elementor-button-text\">Programme<\/span>\n\t\t\t\t\t<\/span>\n\t\t\t\t\t<\/a>\n\t\t\t\t\t\t\t\t<\/div>\n\t\t\t\t<\/div>\n\t\t\t\t<\/div>\n\t\t\t\t<\/div>\n\t\t<div class=\"elementor-element elementor-element-ff89c06 e-flex e-con-boxed e-con e-parent\" data-id=\"ff89c06\" data-element_type=\"container\" data-e-type=\"container\">\n\t\t\t\t\t<div class=\"e-con-inner\">\n\t\t<div class=\"elementor-element elementor-element-8205e25 e-con-full animated-fast e-flex elementor-invisible e-con e-child\" data-id=\"8205e25\" data-element_type=\"container\" data-e-type=\"container\" data-settings=\"{&quot;animation&quot;:&quot;fadeInLeft&quot;}\">\n\t\t\t\t<div class=\"elementor-element elementor-element-d69765c elementor-widget elementor-widget-heading\" data-id=\"d69765c\" data-element_type=\"widget\" data-e-type=\"widget\" data-widget_type=\"heading.default\">\n\t\t\t\t\t<h2 class=\"elementor-heading-title elementor-size-default\">C\u00e9l\u00e9bration de l'Iboga, de la recherche et de la culture de l'Iboga\u00efne<\/h2>\t\t\t\t<\/div>\n\t\t\t\t<div class=\"elementor-element elementor-element-04df5c1 elementor-widget elementor-widget-text-editor\" data-id=\"04df5c1\" data-element_type=\"widget\" data-e-type=\"widget\" data-widget_type=\"text-editor.default\">\n\t\t\t\t\t\t\t\t\t<p>L'Iboga Leadership Summit au Gabon rassemble des voix engag\u00e9es autour de l'Iboga et de l'Iboga\u00efne, une plante sacr\u00e9e d'Afrique centrale et occidentale et ses alcalo\u00efdes connus pour leur profond potentiel de gu\u00e9rison, d'orientation et d'\u00e9largissement de la conscience.<\/p><p><br \/>En rapprochant la culture vivante des Bwiti, les progr\u00e8s scientifiques et les traditions ancestrales, le sommet offre un espace unique d'\u00e9change, d'apprentissage et de connexion.<\/p>\t\t\t\t\t\t\t\t<\/div>\n\t\t\t\t<div class=\"elementor-element elementor-element-385969f elementor-icon-list--layout-inline elementor-align-start elementor-list-item-link-full_width elementor-widget elementor-widget-icon-list\" data-id=\"385969f\" data-element_type=\"widget\" data-e-type=\"widget\" data-widget_type=\"icon-list.default\">\n\t\t\t\t\t\t\t<ul class=\"elementor-icon-list-items elementor-inline-items\">\n\t\t\t\t\t\t\t<li class=\"elementor-icon-list-item elementor-inline-item\">\n\t\t\t\t\t\t\t\t\t\t<span class=\"elementor-icon-list-text\">M\u00e9decine ancestrale<\/span>\n\t\t\t\t\t\t\t\t\t<\/li>\n\t\t\t\t\t\t\t\t<li class=\"elementor-icon-list-item elementor-inline-item\">\n\t\t\t\t\t\t\t\t\t\t<span class=\"elementor-icon-list-text\">Neurosciences<\/span>\n\t\t\t\t\t\t\t\t\t<\/li>\n\t\t\t\t\t\t\t\t<li class=\"elementor-icon-list-item elementor-inline-item\">\n\t\t\t\t\t\t\t\t\t\t<span class=\"elementor-icon-list-text\">Pratiques \u00e9thiques<\/span>\n\t\t\t\t\t\t\t\t\t<\/li>\n\t\t\t\t\t\t\t\t<li class=\"elementor-icon-list-item elementor-inline-item\">\n\t\t\t\t\t\t\t\t\t\t<span class=\"elementor-icon-list-text\">Gu\u00e9rison et transformation<\/span>\n\t\t\t\t\t\t\t\t\t<\/li>\n\t\t\t\t\t\t\t\t<li class=\"elementor-icon-list-item elementor-inline-item\">\n\t\t\t\t\t\t\t\t\t\t<span class=\"elementor-icon-list-text\">Leadership conscient<\/span>\n\t\t\t\t\t\t\t\t\t<\/li>\n\t\t\t\t\t\t<\/ul>\n\t\t\t\t\t\t<\/div>\n\t\t\t\t<\/div>\n\t\t<div class=\"elementor-element elementor-element-f505851 e-con-full e-flex elementor-invisible e-con e-child\" data-id=\"f505851\" data-element_type=\"container\" data-e-type=\"container\" data-settings=\"{&quot;animation&quot;:&quot;fadeInRight&quot;}\">\n\t\t\t\t<div class=\"elementor-element elementor-element-860535e elementor-widget elementor-widget-image\" data-id=\"860535e\" data-element_type=\"widget\" data-e-type=\"widget\" data-widget_type=\"image.default\">\n\t\t\t\t\t\t\t\t\t\t\t\t\t\t\t<img fetchpriority=\"high\" decoding=\"async\" width=\"700\" height=\"540\" src=\"https:\/\/ibogaleadershipsummit.com\/wp-content\/uploads\/2025\/11\/iboga.webp\" class=\"attachment-large size-large wp-image-6465\" alt=\"Plante d&#039;iboga\" srcset=\"https:\/\/ibogaleadershipsummit.com\/wp-content\/uploads\/2025\/11\/iboga.webp 700w, https:\/\/ibogaleadershipsummit.com\/wp-content\/uploads\/2025\/11\/iboga-300x231.webp 300w, https:\/\/ibogaleadershipsummit.com\/wp-content\/uploads\/2025\/11\/iboga-16x12.webp 16w\" sizes=\"(max-width: 700px) 100vw, 700px\" \/>\t\t\t\t\t\t\t\t\t\t\t\t\t\t\t<\/div>\n\t\t\t\t<\/div>\n\t\t\t\t\t<\/div>\n\t\t\t\t<\/div>\n\t\t<div class=\"elementor-element elementor-element-4088969 e-flex e-con-boxed e-con e-parent\" data-id=\"4088969\" data-element_type=\"container\" data-e-type=\"container\" data-settings=\"{&quot;background_background&quot;:&quot;gradient&quot;}\">\n\t\t\t\t\t<div class=\"e-con-inner\">\n\t\t\t\t<div class=\"elementor-element elementor-element-77f19e3 elementor-invisible elementor-widget elementor-widget-heading\" data-id=\"77f19e3\" data-element_type=\"widget\" data-e-type=\"widget\" data-settings=\"{&quot;_animation&quot;:&quot;fadeIn&quot;}\" data-widget_type=\"heading.default\">\n\t\t\t\t\t<h2 class=\"elementor-heading-title elementor-size-default\">Trois jours de questionnement, de collaboration et de re-visionnement<\/h2>\t\t\t\t<\/div>\n\t\t<div class=\"elementor-element elementor-element-1f4491f e-con-full e-flex e-con e-child\" data-id=\"1f4491f\" data-element_type=\"container\" data-e-type=\"container\">\n\t\t\t\t<div class=\"elementor-element elementor-element-7258df3 elementor-widget elementor-widget-button\" data-id=\"7258df3\" data-element_type=\"widget\" data-e-type=\"widget\" data-widget_type=\"button.default\">\n\t\t\t\t\t\t\t\t\t\t<a class=\"elementor-button elementor-button-link elementor-size-sm\" href=\"https:\/\/ibogaleadershipsummit.com\/fr\/schedule\/\">\n\t\t\t\t\t\t<span class=\"elementor-button-content-wrapper\">\n\t\t\t\t\t\t\t\t\t<span class=\"elementor-button-text\">Voir le programme<\/span>\n\t\t\t\t\t<\/span>\n\t\t\t\t\t<\/a>\n\t\t\t\t\t\t\t\t<\/div>\n\t\t\t\t<div class=\"elementor-element elementor-element-f0661b4 elementor-widget elementor-widget-button\" data-id=\"f0661b4\" data-element_type=\"widget\" data-e-type=\"widget\" data-widget_type=\"button.default\">\n\t\t\t\t\t\t\t\t\t\t<a class=\"elementor-button elementor-button-link elementor-size-sm\" href=\"https:\/\/tickets.ibogaleadershipsummit.com\/events\/moughendavillage\/1922925\" target=\"_blank\">\n\t\t\t\t\t\t<span class=\"elementor-button-content-wrapper\">\n\t\t\t\t\t\t\t\t\t<span class=\"elementor-button-text\">Acheter un billet<\/span>\n\t\t\t\t\t<\/span>\n\t\t\t\t\t<\/a>\n\t\t\t\t\t\t\t\t<\/div>\n\t\t\t\t<\/div>\n\t\t\t\t\t<\/div>\n\t\t\t\t<\/div>\n\t\t<div class=\"elementor-element elementor-element-1ab92a2 e-flex e-con-boxed e-con e-parent\" data-id=\"1ab92a2\" data-element_type=\"container\" data-e-type=\"container\">\n\t\t\t\t\t<div class=\"e-con-inner\">\n\t\t\t\t<div class=\"elementor-element elementor-element-4c14d36 elementor-invisible elementor-widget elementor-widget-heading\" data-id=\"4c14d36\" data-element_type=\"widget\" data-e-type=\"widget\" data-settings=\"{&quot;_animation&quot;:&quot;fadeIn&quot;}\" data-widget_type=\"heading.default\">\n\t\t\t\t\t<h2 class=\"elementor-heading-title elementor-size-default\">Un \u00e9v\u00e9nement communautaire au Gabon, qui fait progresser le partage des connaissances sur l'iboga et l'iboga\u00efne au niveau mondial<\/h2>\t\t\t\t<\/div>\n\t\t<div class=\"elementor-element elementor-element-4d813b6 e-grid e-con-full e-con e-child\" data-id=\"4d813b6\" data-element_type=\"container\" data-e-type=\"container\">\n\t\t<div class=\"elementor-element elementor-element-89a4cbb e-con-full e-transform e-flex elementor-invisible e-con e-child\" data-id=\"89a4cbb\" data-element_type=\"container\" data-e-type=\"container\" data-settings=\"{&quot;background_background&quot;:&quot;gradient&quot;,&quot;animation&quot;:&quot;fadeIn&quot;,&quot;animation_delay&quot;:300,&quot;_transform_scale_effect_hover&quot;:{&quot;unit&quot;:&quot;px&quot;,&quot;size&quot;:1.05,&quot;sizes&quot;:[]},&quot;_transform_scale_effect_hover_tablet&quot;:{&quot;unit&quot;:&quot;px&quot;,&quot;size&quot;:&quot;&quot;,&quot;sizes&quot;:[]},&quot;_transform_scale_effect_hover_mobile&quot;:{&quot;unit&quot;:&quot;px&quot;,&quot;size&quot;:&quot;&quot;,&quot;sizes&quot;:[]}}\">\n\t\t\t\t<div class=\"elementor-element elementor-element-814cf2e elementor-widget__width-inherit elementor-widget elementor-widget-image\" data-id=\"814cf2e\" data-element_type=\"widget\" data-e-type=\"widget\" data-widget_type=\"image.default\">\n\t\t\t\t\t\t\t\t\t\t\t\t\t\t\t<img decoding=\"async\" width=\"600\" height=\"400\" src=\"https:\/\/ibogaleadershipsummit.com\/wp-content\/uploads\/2025\/12\/jungle4_1.webp\" class=\"attachment-large size-large wp-image-6957\" alt=\"\" srcset=\"https:\/\/ibogaleadershipsummit.com\/wp-content\/uploads\/2025\/12\/jungle4_1.webp 600w, https:\/\/ibogaleadershipsummit.com\/wp-content\/uploads\/2025\/12\/jungle4_1-300x200.webp 300w, https:\/\/ibogaleadershipsummit.com\/wp-content\/uploads\/2025\/12\/jungle4_1-18x12.webp 18w\" sizes=\"(max-width: 600px) 100vw, 600px\" \/>\t\t\t\t\t\t\t\t\t\t\t\t\t\t\t<\/div>\n\t\t\t\t<div class=\"elementor-element elementor-element-ef3e5bc elementor-widget elementor-widget-heading\" data-id=\"ef3e5bc\" data-element_type=\"widget\" data-e-type=\"widget\" data-widget_type=\"heading.default\">\n\t\t\t\t\t<h3 class=\"elementor-heading-title elementor-size-default\">Agriculteurs, entrepreneurs agricoles, techniciens agricoles<\/h3>\t\t\t\t<\/div>\n\t\t\t\t<\/div>\n\t\t<div class=\"elementor-element elementor-element-7c9267a e-con-full e-transform e-flex elementor-invisible e-con e-child\" data-id=\"7c9267a\" data-element_type=\"container\" data-e-type=\"container\" data-settings=\"{&quot;background_background&quot;:&quot;gradient&quot;,&quot;animation&quot;:&quot;fadeIn&quot;,&quot;animation_delay&quot;:600,&quot;_transform_scale_effect_hover&quot;:{&quot;unit&quot;:&quot;px&quot;,&quot;size&quot;:1.05,&quot;sizes&quot;:[]},&quot;_transform_scale_effect_hover_tablet&quot;:{&quot;unit&quot;:&quot;px&quot;,&quot;size&quot;:&quot;&quot;,&quot;sizes&quot;:[]},&quot;_transform_scale_effect_hover_mobile&quot;:{&quot;unit&quot;:&quot;px&quot;,&quot;size&quot;:&quot;&quot;,&quot;sizes&quot;:[]}}\">\n\t\t\t\t<div class=\"elementor-element elementor-element-97e8184 elementor-widget__width-inherit elementor-widget elementor-widget-image\" data-id=\"97e8184\" data-element_type=\"widget\" data-e-type=\"widget\" data-widget_type=\"image.default\">\n\t\t\t\t\t\t\t\t\t\t\t\t\t\t\t<img decoding=\"async\" width=\"600\" height=\"400\" src=\"https:\/\/ibogaleadershipsummit.com\/wp-content\/uploads\/2025\/12\/jungle3_1.webp\" class=\"attachment-large size-large wp-image-6956\" alt=\"\" srcset=\"https:\/\/ibogaleadershipsummit.com\/wp-content\/uploads\/2025\/12\/jungle3_1.webp 600w, https:\/\/ibogaleadershipsummit.com\/wp-content\/uploads\/2025\/12\/jungle3_1-300x200.webp 300w, https:\/\/ibogaleadershipsummit.com\/wp-content\/uploads\/2025\/12\/jungle3_1-18x12.webp 18w\" sizes=\"(max-width: 600px) 100vw, 600px\" \/>\t\t\t\t\t\t\t\t\t\t\t\t\t\t\t<\/div>\n\t\t\t\t<div class=\"elementor-element elementor-element-2982178 elementor-widget elementor-widget-heading\" data-id=\"2982178\" data-element_type=\"widget\" data-e-type=\"widget\" data-widget_type=\"heading.default\">\n\t\t\t\t\t<h3 class=\"elementor-heading-title elementor-size-default\">M\u00e9decins, pharmaciens, chercheurs en neurosciences<\/h3>\t\t\t\t<\/div>\n\t\t\t\t<\/div>\n\t\t<div class=\"elementor-element elementor-element-8edd5de e-con-full e-transform e-flex elementor-invisible e-con e-child\" data-id=\"8edd5de\" data-element_type=\"container\" data-e-type=\"container\" data-settings=\"{&quot;background_background&quot;:&quot;gradient&quot;,&quot;animation&quot;:&quot;fadeIn&quot;,&quot;animation_delay&quot;:900,&quot;_transform_scale_effect_hover&quot;:{&quot;unit&quot;:&quot;px&quot;,&quot;size&quot;:1.05,&quot;sizes&quot;:[]},&quot;_transform_scale_effect_hover_tablet&quot;:{&quot;unit&quot;:&quot;px&quot;,&quot;size&quot;:&quot;&quot;,&quot;sizes&quot;:[]},&quot;_transform_scale_effect_hover_mobile&quot;:{&quot;unit&quot;:&quot;px&quot;,&quot;size&quot;:&quot;&quot;,&quot;sizes&quot;:[]}}\">\n\t\t\t\t<div class=\"elementor-element elementor-element-b3ecb8d elementor-widget__width-inherit elementor-widget elementor-widget-image\" data-id=\"b3ecb8d\" data-element_type=\"widget\" data-e-type=\"widget\" data-widget_type=\"image.default\">\n\t\t\t\t\t\t\t\t\t\t\t\t\t\t\t<img loading=\"lazy\" decoding=\"async\" width=\"600\" height=\"400\" src=\"https:\/\/ibogaleadershipsummit.com\/wp-content\/uploads\/2025\/12\/jungle1_1.webp\" class=\"attachment-large size-large wp-image-6954\" alt=\"\" srcset=\"https:\/\/ibogaleadershipsummit.com\/wp-content\/uploads\/2025\/12\/jungle1_1.webp 600w, https:\/\/ibogaleadershipsummit.com\/wp-content\/uploads\/2025\/12\/jungle1_1-300x200.webp 300w, https:\/\/ibogaleadershipsummit.com\/wp-content\/uploads\/2025\/12\/jungle1_1-18x12.webp 18w\" sizes=\"(max-width: 600px) 100vw, 600px\" \/>\t\t\t\t\t\t\t\t\t\t\t\t\t\t\t<\/div>\n\t\t\t\t<div class=\"elementor-element elementor-element-08c0b06 elementor-widget elementor-widget-heading\" data-id=\"08c0b06\" data-element_type=\"widget\" data-e-type=\"widget\" data-widget_type=\"heading.default\">\n\t\t\t\t\t<h3 class=\"elementor-heading-title elementor-size-default\">\u00c9tudiants, jeunes chercheurs, responsables communautaires<\/h3>\t\t\t\t<\/div>\n\t\t\t\t<\/div>\n\t\t<div class=\"elementor-element elementor-element-f6c0388 e-con-full e-transform e-flex elementor-invisible e-con e-child\" data-id=\"f6c0388\" data-element_type=\"container\" data-e-type=\"container\" data-settings=\"{&quot;background_background&quot;:&quot;gradient&quot;,&quot;animation&quot;:&quot;fadeIn&quot;,&quot;animation_delay&quot;:1200,&quot;_transform_scale_effect_hover&quot;:{&quot;unit&quot;:&quot;px&quot;,&quot;size&quot;:1.05,&quot;sizes&quot;:[]},&quot;_transform_scale_effect_hover_tablet&quot;:{&quot;unit&quot;:&quot;px&quot;,&quot;size&quot;:&quot;&quot;,&quot;sizes&quot;:[]},&quot;_transform_scale_effect_hover_mobile&quot;:{&quot;unit&quot;:&quot;px&quot;,&quot;size&quot;:&quot;&quot;,&quot;sizes&quot;:[]}}\">\n\t\t\t\t<div class=\"elementor-element elementor-element-679d0c5 elementor-widget elementor-widget-image\" data-id=\"679d0c5\" data-element_type=\"widget\" data-e-type=\"widget\" data-widget_type=\"image.default\">\n\t\t\t\t\t\t\t\t\t\t\t\t\t\t\t<img loading=\"lazy\" decoding=\"async\" width=\"600\" height=\"400\" src=\"https:\/\/ibogaleadershipsummit.com\/wp-content\/uploads\/2025\/12\/jungle2_1.webp\" class=\"attachment-large size-large wp-image-6955\" alt=\"\" srcset=\"https:\/\/ibogaleadershipsummit.com\/wp-content\/uploads\/2025\/12\/jungle2_1.webp 600w, https:\/\/ibogaleadershipsummit.com\/wp-content\/uploads\/2025\/12\/jungle2_1-300x200.webp 300w, https:\/\/ibogaleadershipsummit.com\/wp-content\/uploads\/2025\/12\/jungle2_1-18x12.webp 18w\" sizes=\"(max-width: 600px) 100vw, 600px\" \/>\t\t\t\t\t\t\t\t\t\t\t\t\t\t\t<\/div>\n\t\t\t\t<div class=\"elementor-element elementor-element-caa704b elementor-widget elementor-widget-heading\" data-id=\"caa704b\" data-element_type=\"widget\" data-e-type=\"widget\" data-widget_type=\"heading.default\">\n\t\t\t\t\t<h3 class=\"elementor-heading-title elementor-size-default\">Juristes, d\u00e9cideurs politiques, gestionnaires de ressources naturelles, chercheurs en droit de l'environnement<\/h3>\t\t\t\t<\/div>\n\t\t\t\t<\/div>\n\t\t\t\t<\/div>\n\t\t\t\t\t<\/div>\n\t\t\t\t<\/div>\n\t\t<div class=\"elementor-element elementor-element-1ef0fc9 e-flex e-con-boxed e-con e-parent\" data-id=\"1ef0fc9\" data-element_type=\"container\" data-e-type=\"container\">\n\t\t\t\t\t<div class=\"e-con-inner\">\n\t\t<div class=\"elementor-element elementor-element-ba38981 e-con-full e-flex elementor-invisible e-con e-child\" data-id=\"ba38981\" data-element_type=\"container\" data-e-type=\"container\" data-settings=\"{&quot;animation&quot;:&quot;fadeInLeft&quot;}\">\n\t\t\t\t<div class=\"elementor-element elementor-element-e4924c2 elementor-widget elementor-widget-image\" data-id=\"e4924c2\" data-element_type=\"widget\" data-e-type=\"widget\" data-widget_type=\"image.default\">\n\t\t\t\t\t\t\t\t\t\t\t\t\t\t\t<img loading=\"lazy\" decoding=\"async\" width=\"800\" height=\"534\" src=\"https:\/\/ibogaleadershipsummit.com\/wp-content\/uploads\/2025\/10\/16256-114129-f76770180_4K-1024x683.jpg\" class=\"attachment-large size-large wp-image-74\" alt=\"L&#039;h\u00f4tel Radisson Blu Okoume Palace\" srcset=\"https:\/\/ibogaleadershipsummit.com\/wp-content\/uploads\/2025\/10\/16256-114129-f76770180_4K-1024x683.jpg 1024w, https:\/\/ibogaleadershipsummit.com\/wp-content\/uploads\/2025\/10\/16256-114129-f76770180_4K-300x200.jpg 300w, https:\/\/ibogaleadershipsummit.com\/wp-content\/uploads\/2025\/10\/16256-114129-f76770180_4K-768x512.jpg 768w, https:\/\/ibogaleadershipsummit.com\/wp-content\/uploads\/2025\/10\/16256-114129-f76770180_4K.jpg 1200w\" sizes=\"(max-width: 800px) 100vw, 800px\" \/>\t\t\t\t\t\t\t\t\t\t\t\t\t\t\t<\/div>\n\t\t\t\t<\/div>\n\t\t<div class=\"elementor-element elementor-element-d5ab89a e-con-full e-flex elementor-invisible e-con e-child\" data-id=\"d5ab89a\" data-element_type=\"container\" data-e-type=\"container\" data-settings=\"{&quot;animation&quot;:&quot;fadeInRight&quot;}\">\n\t\t\t\t<div class=\"elementor-element elementor-element-312b59f elementor-widget elementor-widget-heading\" data-id=\"312b59f\" data-element_type=\"widget\" data-e-type=\"widget\" data-widget_type=\"heading.default\">\n\t\t\t\t\t<h2 class=\"elementor-heading-title elementor-size-default\">Le Radisson Blu Okoume \n<br>H\u00f4tel Palace<\/h2>\t\t\t\t<\/div>\n\t\t\t\t<div class=\"elementor-element elementor-element-f976a23 elementor-widget elementor-widget-text-editor\" data-id=\"f976a23\" data-element_type=\"widget\" data-e-type=\"widget\" data-widget_type=\"text-editor.default\">\n\t\t\t\t\t\t\t\t\t<p>Le Radisson Blu Okoume Palace Hotel de Libreville est situ\u00e9 sur le pittoresque boulevard de Nice. Outre d'excellentes vues panoramiques sur l'oc\u00e9an et un acc\u00e8s pratique \u00e0 la plage, nous offrons un emplacement id\u00e9al \u00e0 proximit\u00e9 de l'a\u00e9roport et des principales attractions.<\/p><p>La salle de r\u00e9union de Libreville est une salle prestigieuse pouvant accueillir jusqu'\u00e0 450 personnes, offrant un cadre id\u00e9al pour les grands rassemblements.<\/p>\t\t\t\t\t\t\t\t<\/div>\n\t\t\t\t<div class=\"elementor-element elementor-element-ac885ed elementor-widget elementor-widget-text-editor\" data-id=\"ac885ed\" data-element_type=\"widget\" data-e-type=\"widget\" data-widget_type=\"text-editor.default\">\n\t\t\t\t\t\t\t\t\t<p>B.P. 2254, 5 Boulevard de Nice, Libreville, Gabon<\/p>\t\t\t\t\t\t\t\t<\/div>\n\t\t\t\t<div class=\"elementor-element elementor-element-2509e07 elementor-widget elementor-widget-button\" data-id=\"2509e07\" data-element_type=\"widget\" data-e-type=\"widget\" data-widget_type=\"button.default\">\n\t\t\t\t\t\t\t\t\t\t<a class=\"elementor-button elementor-button-link elementor-size-sm\" href=\"https:\/\/ibogaleadershipsummit.com\/fr\/venue\/\">\n\t\t\t\t\t\t<span class=\"elementor-button-content-wrapper\">\n\t\t\t\t\t\t\t\t\t<span class=\"elementor-button-text\">Programmer votre lieu de r\u00e9union<\/span>\n\t\t\t\t\t<\/span>\n\t\t\t\t\t<\/a>\n\t\t\t\t\t\t\t\t<\/div>\n\t\t\t\t<\/div>\n\t\t\t\t\t<\/div>\n\t\t\t\t<\/div>\n\t\t<div class=\"elementor-element elementor-element-b73cee2 e-con-full e-flex e-con e-parent\" data-id=\"b73cee2\" data-element_type=\"container\" data-e-type=\"container\">\n\t\t\t\t<div class=\"elementor-element elementor-element-d62f5a2 elementor-widget__width-initial elementor-absolute elementor-widget elementor-widget-html\" data-id=\"d62f5a2\" data-element_type=\"widget\" data-e-type=\"widget\" data-settings=\"{&quot;_position&quot;:&quot;absolute&quot;}\" data-widget_type=\"html.default\">\n\t\t\t\t\t<div class=\"cirlce-blur\"><\/div>\t\t\t\t<\/div>\n\t\t\t\t<\/div>\n\t\t\t\t<\/div>","protected":false},"excerpt":{"rendered":"<p>Iboga Leadership summit Awakening the World to the Spirit of Iboga 22 &#8211; 28 june 2026Libreville, Gabon Buy ticket Programme Celebrating Iboga and Ibogaine Research and Culture The Iboga Leadership Summit in Gabon brings together dedicated voices around Iboga and Ibogaine, a sacred West-Central African plant and its alkaloids known for their profound potential for [&hellip;]<\/p>\n","protected":false},"author":1,"featured_media":0,"parent":0,"menu_order":0,"comment_status":"closed","ping_status":"closed","template":"","meta":{"_acf_changed":false,"footnotes":""},"class_list":["post-5528","page","type-page","status-publish","hentry"],"acf":[],"_links":{"self":[{"href":"https:\/\/ibogaleadershipsummit.com\/fr\/wp-json\/wp\/v2\/pages\/5528","targetHints":{"allow":["GET"]}}],"collection":[{"href":"https:\/\/ibogaleadershipsummit.com\/fr\/wp-json\/wp\/v2\/pages"}],"about":[{"href":"https:\/\/ibogaleadershipsummit.com\/fr\/wp-json\/wp\/v2\/types\/page"}],"author":[{"embeddable":true,"href":"https:\/\/ibogaleadershipsummit.com\/fr\/wp-json\/wp\/v2\/users\/1"}],"replies":[{"embeddable":true,"href":"https:\/\/ibogaleadershipsummit.com\/fr\/wp-json\/wp\/v2\/comments?post=5528"}],"version-history":[{"count":180,"href":"https:\/\/ibogaleadershipsummit.com\/fr\/wp-json\/wp\/v2\/pages\/5528\/revisions"}],"predecessor-version":[{"id":7244,"href":"https:\/\/ibogaleadershipsummit.com\/fr\/wp-json\/wp\/v2\/pages\/5528\/revisions\/7244"}],"wp:attachment":[{"href":"https:\/\/ibogaleadershipsummit.com\/fr\/wp-json\/wp\/v2\/media?parent=5528"}],"curies":[{"name":"wp","href":"https:\/\/api.w.org\/{rel}","templated":true}]}}