{"id":37,"date":"2025-10-12T08:59:08","date_gmt":"2025-10-12T08:59:08","guid":{"rendered":"https:\/\/bwiticonf.hobbitton.at\/?page_id=37"},"modified":"2025-12-15T10:51:25","modified_gmt":"2025-12-15T09:51:25","slug":"lieu","status":"publish","type":"page","link":"https:\/\/ibogaleadershipsummit.com\/fr\/venue\/","title":{"rendered":"Lieu"},"content":{"rendered":"<div data-elementor-type=\"wp-page\" data-elementor-id=\"37\" class=\"elementor elementor-37\" data-elementor-post-type=\"page\">\n\t\t\t\t<div class=\"elementor-element elementor-element-759c6d4 e-con-full e-flex e-con e-parent\" data-id=\"759c6d4\" data-element_type=\"container\" data-e-type=\"container\" data-settings=\"{&quot;background_background&quot;:&quot;classic&quot;}\">\n\t\t\t\t<div class=\"elementor-element elementor-element-15a9975 animated-fast elementor-invisible elementor-widget elementor-widget-heading\" data-id=\"15a9975\" data-element_type=\"widget\" data-e-type=\"widget\" data-settings=\"{&quot;_animation&quot;:&quot;fadeInDown&quot;}\" data-widget_type=\"heading.default\">\n\t\t\t\t\t<h1 class=\"elementor-heading-title elementor-size-default\">Lieu<\/h1>\t\t\t\t<\/div>\n\t\t\t\t<\/div>\n\t\t<div class=\"elementor-element elementor-element-de056d3 e-flex e-con-boxed e-con e-parent\" data-id=\"de056d3\" data-element_type=\"container\" data-e-type=\"container\">\n\t\t\t\t\t<div class=\"e-con-inner\">\n\t\t\t\t<div class=\"elementor-element elementor-element-8c570cb elementor-widget__width-initial elementor-absolute elementor-widget elementor-widget-html\" data-id=\"8c570cb\" data-element_type=\"widget\" data-e-type=\"widget\" data-settings=\"{&quot;_position&quot;:&quot;absolute&quot;}\" data-widget_type=\"html.default\">\n\t\t\t\t\t<div class=\"cirlce-blur\"><\/div>\t\t\t\t<\/div>\n\t\t\t\t\t<\/div>\n\t\t\t\t<\/div>\n\t\t<div class=\"elementor-element elementor-element-6418711 e-flex e-con-boxed e-con e-parent\" data-id=\"6418711\" data-element_type=\"container\" data-e-type=\"container\">\n\t\t\t\t\t<div class=\"e-con-inner\">\n\t\t\t\t<div class=\"elementor-element elementor-element-4f45249 elementor-widget elementor-widget-heading\" data-id=\"4f45249\" data-element_type=\"widget\" data-e-type=\"widget\" data-widget_type=\"heading.default\">\n\t\t\t\t\t<h2 class=\"elementor-heading-title elementor-size-default\">Rejoignez-nous au Radisson Blu Okoume - Libreville Hall<\/h2>\t\t\t\t<\/div>\n\t\t\t\t\t<\/div>\n\t\t\t\t<\/div>\n\t\t<div class=\"elementor-element elementor-element-50b2ee0 e-flex e-con-boxed e-con e-parent\" data-id=\"50b2ee0\" data-element_type=\"container\" data-e-type=\"container\">\n\t\t\t\t\t<div class=\"e-con-inner\">\n\t\t<div class=\"elementor-element elementor-element-22077ed e-con-full e-flex e-con e-child\" data-id=\"22077ed\" data-element_type=\"container\" data-e-type=\"container\">\n\t\t\t\t<div class=\"elementor-element elementor-element-343ee08 elementor-widget elementor-widget-image\" data-id=\"343ee08\" data-element_type=\"widget\" data-e-type=\"widget\" data-widget_type=\"image.default\">\n\t\t\t\t\t\t\t\t\t\t\t\t\t\t\t<img fetchpriority=\"high\" decoding=\"async\" width=\"800\" height=\"534\" src=\"https:\/\/ibogaleadershipsummit.com\/wp-content\/uploads\/2025\/10\/16256-114129-f76770180_4K-1024x683.jpg\" class=\"attachment-large size-large wp-image-74\" alt=\"L&#039;h\u00f4tel Radisson Blu Okoume Palace\" srcset=\"https:\/\/ibogaleadershipsummit.com\/wp-content\/uploads\/2025\/10\/16256-114129-f76770180_4K-1024x683.jpg 1024w, https:\/\/ibogaleadershipsummit.com\/wp-content\/uploads\/2025\/10\/16256-114129-f76770180_4K-300x200.jpg 300w, https:\/\/ibogaleadershipsummit.com\/wp-content\/uploads\/2025\/10\/16256-114129-f76770180_4K-768x512.jpg 768w, https:\/\/ibogaleadershipsummit.com\/wp-content\/uploads\/2025\/10\/16256-114129-f76770180_4K.jpg 1200w\" sizes=\"(max-width: 800px) 100vw, 800px\" \/>\t\t\t\t\t\t\t\t\t\t\t\t\t\t\t<\/div>\n\t\t\t\t<div class=\"elementor-element elementor-element-d2a38e0 elementor-widget elementor-widget-image\" data-id=\"d2a38e0\" data-element_type=\"widget\" data-e-type=\"widget\" data-widget_type=\"image.default\">\n\t\t\t\t\t\t\t\t\t\t\t\t\t\t\t<img decoding=\"async\" width=\"800\" height=\"534\" src=\"https:\/\/ibogaleadershipsummit.com\/wp-content\/uploads\/2025\/10\/16256-114129-f76608968_3XL-1024x683.jpg\" class=\"attachment-large size-large wp-image-73\" alt=\"L&#039;h\u00f4tel Radisson Blu Okoume Palace\" srcset=\"https:\/\/ibogaleadershipsummit.com\/wp-content\/uploads\/2025\/10\/16256-114129-f76608968_3XL-1024x683.jpg 1024w, https:\/\/ibogaleadershipsummit.com\/wp-content\/uploads\/2025\/10\/16256-114129-f76608968_3XL-300x200.jpg 300w, https:\/\/ibogaleadershipsummit.com\/wp-content\/uploads\/2025\/10\/16256-114129-f76608968_3XL-768x512.jpg 768w, https:\/\/ibogaleadershipsummit.com\/wp-content\/uploads\/2025\/10\/16256-114129-f76608968_3XL.jpg 1200w\" sizes=\"(max-width: 800px) 100vw, 800px\" \/>\t\t\t\t\t\t\t\t\t\t\t\t\t\t\t<\/div>\n\t\t\t\t<\/div>\n\t\t<div class=\"elementor-element elementor-element-0997a63 e-con-full e-flex e-con e-child\" data-id=\"0997a63\" data-element_type=\"container\" data-e-type=\"container\">\n\t\t\t\t<div class=\"elementor-element elementor-element-aa6058c elementor-widget elementor-widget-text-editor\" data-id=\"aa6058c\" data-element_type=\"widget\" data-e-type=\"widget\" data-widget_type=\"text-editor.default\">\n\t\t\t\t\t\t\t\t\t<p>Le Radisson Blu Okoume Palace Hotel de Libreville est situ\u00e9 sur le pittoresque boulevard de Nice. Outre d'excellentes vues panoramiques sur l'oc\u00e9an et un acc\u00e8s pratique \u00e0 la plage, nous offrons un emplacement id\u00e9al \u00e0 proximit\u00e9 de l'a\u00e9roport et des principales attractions.<\/p>\n<p>Reposez-vous dans des chambres confortables et savourez des plats frais et d\u00e9licieux dans les deux restaurants de l'h\u00f4tel. Entre deux s\u00e9ances de bronzage \u00e0 la piscine, prenez un caf\u00e9 en milieu d'apr\u00e8s-midi ou sirotez un cocktail au bar de la piscine.<\/p>\n<p>La salle de r\u00e9union de Libreville est une salle prestigieuse pouvant accueillir jusqu'\u00e0 <strong>450 participants<\/strong>, La salle de r\u00e9union est un lieu id\u00e9al pour les grands rassemblements.<\/p>\t\t\t\t\t\t\t\t<\/div>\n\t\t\t\t<div class=\"elementor-element elementor-element-9c7c2de elementor-widget elementor-widget-text-editor\" data-id=\"9c7c2de\" data-element_type=\"widget\" data-e-type=\"widget\" data-widget_type=\"text-editor.default\">\n\t\t\t\t\t\t\t\t\t<p><strong>Adresse :<\/strong><\/p><p>B.P. 2254, 5 Boulevard de Nice, Libreville, Gabon<\/p>\t\t\t\t\t\t\t\t<\/div>\n\t\t\t\t<div class=\"elementor-element elementor-element-34a7320 elementor-widget elementor-widget-text-editor\" data-id=\"34a7320\" data-element_type=\"widget\" data-e-type=\"widget\" data-widget_type=\"text-editor.default\">\n\t\t\t\t\t\t\t\t\t<p><strong>Contact :<\/strong><\/p><p>+241 011 448 000<\/p>\t\t\t\t\t\t\t\t<\/div>\n\t\t\t\t<div class=\"elementor-element elementor-element-fa794c6 elementor-widget elementor-widget-button\" data-id=\"fa794c6\" data-element_type=\"widget\" data-e-type=\"widget\" data-widget_type=\"button.default\">\n\t\t\t\t\t\t\t\t\t\t<a class=\"elementor-button elementor-button-link elementor-size-sm\" href=\"https:\/\/www.radissonhotels.com\/en-us\/hotels\/radisson-blu-libreville-okoume\" target=\"_blank\" rel=\"noopener\">\n\t\t\t\t\t\t<span class=\"elementor-button-content-wrapper\">\n\t\t\t\t\t\t\t\t\t<span class=\"elementor-button-text\">R\u00e9servez votre voyage<\/span>\n\t\t\t\t\t<\/span>\n\t\t\t\t\t<\/a>\n\t\t\t\t\t\t\t\t<\/div>\n\t\t\t\t<\/div>\n\t\t\t\t\t<\/div>\n\t\t\t\t<\/div>\n\t\t\t\t<\/div>","protected":false},"excerpt":{"rendered":"<p>Venue Join us at The Radisson Blu Okoume \u2013 Libreville Hall The Radisson Blu Okoume Palace Hotel in Libreville is set on the picturesque Boulevard de Nice. Along with excellent panoramic ocean views and convenient beach access, we offer an ideal location near the airport and main attractions. Rest in comfortable rooms and enjoy fresh [&hellip;]<\/p>\n","protected":false},"author":1,"featured_media":0,"parent":0,"menu_order":0,"comment_status":"closed","ping_status":"closed","template":"","meta":{"_acf_changed":false,"footnotes":""},"class_list":["post-37","page","type-page","status-publish","hentry"],"acf":[],"_links":{"self":[{"href":"https:\/\/ibogaleadershipsummit.com\/fr\/wp-json\/wp\/v2\/pages\/37","targetHints":{"allow":["GET"]}}],"collection":[{"href":"https:\/\/ibogaleadershipsummit.com\/fr\/wp-json\/wp\/v2\/pages"}],"about":[{"href":"https:\/\/ibogaleadershipsummit.com\/fr\/wp-json\/wp\/v2\/types\/page"}],"author":[{"embeddable":true,"href":"https:\/\/ibogaleadershipsummit.com\/fr\/wp-json\/wp\/v2\/users\/1"}],"replies":[{"embeddable":true,"href":"https:\/\/ibogaleadershipsummit.com\/fr\/wp-json\/wp\/v2\/comments?post=37"}],"version-history":[{"count":23,"href":"https:\/\/ibogaleadershipsummit.com\/fr\/wp-json\/wp\/v2\/pages\/37\/revisions"}],"predecessor-version":[{"id":6991,"href":"https:\/\/ibogaleadershipsummit.com\/fr\/wp-json\/wp\/v2\/pages\/37\/revisions\/6991"}],"wp:attachment":[{"href":"https:\/\/ibogaleadershipsummit.com\/fr\/wp-json\/wp\/v2\/media?parent=37"}],"curies":[{"name":"wp","href":"https:\/\/api.w.org\/{rel}","templated":true}]}}