{"id":3,"date":"2025-10-11T16:34:42","date_gmt":"2025-10-11T16:34:42","guid":{"rendered":"https:\/\/bwiticonf.hobbitton.at\/?page_id=3"},"modified":"2025-11-28T14:17:23","modified_gmt":"2025-11-28T13:17:23","slug":"politique-de-confidentialite","status":"publish","type":"page","link":"https:\/\/ibogaleadershipsummit.com\/fr\/privacy-policy\/","title":{"rendered":"Politique de confidentialit\u00e9"},"content":{"rendered":"<div data-elementor-type=\"wp-page\" data-elementor-id=\"3\" class=\"elementor elementor-3\" data-elementor-post-type=\"page\">\n\t\t\t\t<div class=\"elementor-element elementor-element-bdd8e03 e-con-full e-flex e-con e-parent\" data-id=\"bdd8e03\" data-element_type=\"container\" data-e-type=\"container\" data-settings=\"{&quot;background_background&quot;:&quot;classic&quot;}\">\n\t\t\t\t<div class=\"elementor-element elementor-element-bfeb92b elementor-widget elementor-widget-heading\" data-id=\"bfeb92b\" data-element_type=\"widget\" data-e-type=\"widget\" data-widget_type=\"heading.default\">\n\t\t\t\t\t<h1 class=\"elementor-heading-title elementor-size-default\">Politique de confidentialit\u00e9<\/h1>\t\t\t\t<\/div>\n\t\t\t\t<\/div>\n\t\t<div class=\"elementor-element elementor-element-c54c9fd e-flex e-con-boxed e-con e-parent\" data-id=\"c54c9fd\" data-element_type=\"container\" data-e-type=\"container\">\n\t\t\t\t\t<div class=\"e-con-inner\">\n\t\t\t\t<div class=\"elementor-element elementor-element-f196c34 elementor-widget__width-initial elementor-absolute elementor-widget elementor-widget-html\" data-id=\"f196c34\" data-element_type=\"widget\" data-e-type=\"widget\" data-settings=\"{&quot;_position&quot;:&quot;absolute&quot;}\" data-widget_type=\"html.default\">\n\t\t\t\t\t<div class=\"cirlce-blur\"><\/div>\t\t\t\t<\/div>\n\t\t\t\t\t<\/div>\n\t\t\t\t<\/div>\n\t\t<div class=\"elementor-element elementor-element-ae7589a e-flex e-con-boxed e-con e-parent\" data-id=\"ae7589a\" data-element_type=\"container\" data-e-type=\"container\">\n\t\t\t\t\t<div class=\"e-con-inner\">\n\t\t\t\t<div class=\"elementor-element elementor-element-29e31e1 elementor-widget__width-initial elementor-widget-tablet__width-initial elementor-widget elementor-widget-text-editor\" data-id=\"29e31e1\" data-element_type=\"widget\" data-e-type=\"widget\" data-widget_type=\"text-editor.default\">\n\t\t\t\t\t\t\t\t\t<p class=\"p1\"><b>Derni\u00e8re mise \u00e0 jour :<\/b><span class=\"s1\"> 11\/24\/2025<\/span><\/p>\n<p class=\"p2\">La pr\u00e9sente politique de confidentialit\u00e9 d\u00e9crit la mani\u00e8re dont le Iboga Leadership Summit (\u201cnous\u201d, \u201cnotre\u201d, \u201cnos\u201d) recueille, utilise et prot\u00e8ge vos donn\u00e9es personnelles lorsque vous visitez ou utilisez notre site web : <span class=\"s2\"><b>ibogaleadershipsummit.com<\/b><\/span>.<\/p>\n<p class=\"p2\">Nous nous engageons \u00e0 prot\u00e9ger votre vie priv\u00e9e et \u00e0 veiller \u00e0 ce que vos informations personnelles soient trait\u00e9es de mani\u00e8re l\u00e9gale, transparente et s\u00fbre.<\/p>\t\t\t\t\t\t\t\t<\/div>\n\t\t\t\t<div class=\"elementor-element elementor-element-368d196 elementor-widget elementor-widget-heading\" data-id=\"368d196\" data-element_type=\"widget\" data-e-type=\"widget\" data-widget_type=\"heading.default\">\n\t\t\t\t\t<h2 class=\"elementor-heading-title elementor-size-default\">1. Donn\u00e9es collect\u00e9es<\/h2>\t\t\t\t<\/div>\n\t\t\t\t<div class=\"elementor-element elementor-element-78c552c elementor-widget__width-initial elementor-widget-tablet__width-initial elementor-widget elementor-widget-text-editor\" data-id=\"78c552c\" data-element_type=\"widget\" data-e-type=\"widget\" data-widget_type=\"text-editor.default\">\n\t\t\t\t\t\t\t\t\t<p class=\"p1\">Nous pouvons collecter les types de donn\u00e9es personnelles suivants :<\/p>\n<h3><b>1.1 Informations que vous nous fournissez<\/b><\/h3>\n<p class=\"p1\">Par le biais de formulaires de contact, d'inscriptions \u00e0 des bulletins d'information, d'enregistrements de billets ou de communications directes :<\/p>\n<ul>\n<li>\n<p class=\"p1\">Nom<\/p>\n<\/li>\n<li>\n<p class=\"p1\">Adresse \u00e9lectronique<\/p>\n<\/li>\n<li>\n<p class=\"p1\">Num\u00e9ro de t\u00e9l\u00e9phone (si fourni)<\/p>\n<\/li>\n<li>\n<p class=\"p1\">Organisation \/ r\u00f4le (le cas \u00e9ch\u00e9ant)<\/p>\n<\/li>\n<li>\n<p class=\"p1\">D\u00e9tails du message ou de la demande<\/p>\n<\/li>\n<li>\n<p class=\"p1\">Informations relatives \u00e0 la facturation et au paiement (si les billets sont vendus par l'interm\u00e9diaire d'une plateforme tierce)<\/p>\n<\/li>\n<\/ul>\n<h3><b>1.2 Donn\u00e9es collect\u00e9es automatiquement<\/b><\/h3>\n<p class=\"p1\">Lors de la navigation sur notre site web, certaines donn\u00e9es peuvent \u00eatre collect\u00e9es automatiquement :<\/p>\n<ul>\n<li>\n<p class=\"p1\">Adresse IP<\/p>\n<\/li>\n<li>\n<p class=\"p1\">Type et version du navigateur<\/p>\n<\/li>\n<li>\n<p class=\"p1\">Informations sur l'appareil<\/p>\n<\/li>\n<li>\n<p class=\"p1\">Pages visit\u00e9es et temps pass\u00e9<\/p>\n<\/li>\n<li>\n<p class=\"p1\">Cookies et technologies de suivi (voir section 6)<\/p>\n<\/li>\n<\/ul>\n<h3><strong>1.3 Donn\u00e9es de tiers<\/strong><\/h3>\n<p class=\"p1\">Si vous achetez un billet ou vous inscrivez via une plateforme externe (ex : Eventbrite, Billetto, Stripe, etc.), ces services peuvent partager les donn\u00e9es n\u00e9cessaires avec nous.<\/p>\t\t\t\t\t\t\t\t<\/div>\n\t\t\t\t<div class=\"elementor-element elementor-element-4ff5b40 elementor-widget elementor-widget-heading\" data-id=\"4ff5b40\" data-element_type=\"widget\" data-e-type=\"widget\" data-widget_type=\"heading.default\">\n\t\t\t\t\t<h2 class=\"elementor-heading-title elementor-size-default\">2. Comment nous utilisons vos donn\u00e9es<\/h2>\t\t\t\t<\/div>\n\t\t\t\t<div class=\"elementor-element elementor-element-68dd58b elementor-widget__width-initial elementor-widget-tablet__width-initial elementor-widget elementor-widget-text-editor\" data-id=\"68dd58b\" data-element_type=\"widget\" data-e-type=\"widget\" data-widget_type=\"text-editor.default\">\n\t\t\t\t\t\t\t\t\t<p class=\"p1\">Nous n'utilisons les donn\u00e9es \u00e0 caract\u00e8re personnel qu'\u00e0 des fins n\u00e9cessaires et l\u00e9gitimes, telles que<\/p>\n<ul>\n<li>\n<p class=\"p1\">R\u00e9pondre aux messages ou aux demandes de renseignements<\/p>\n<\/li>\n<li>\n<p class=\"p1\">Gestion des inscriptions, de la billetterie et des pr\u00e9sences<\/p>\n<\/li>\n<li>\n<p class=\"p1\">Fournir des mises \u00e0 jour sur les \u00e9v\u00e9nements ou des informations importantes<\/p>\n<\/li>\n<li>\n<p class=\"p1\">Envoi de bulletins d'information (uniquement avec votre consentement)<\/p>\n<\/li>\n<li>\n<p class=\"p1\">Am\u00e9liorer les performances du site web et l'exp\u00e9rience de l'utilisateur<\/p>\n<\/li>\n<li>\n<p class=\"p1\">Assurer la s\u00e9curit\u00e9 et pr\u00e9venir les utilisations abusives<\/p>\n<\/li>\n<li>\n<p class=\"p1\">Respecter les obligations l\u00e9gales<\/p>\n<\/li>\n<\/ul>\n<p class=\"p1\">Nous le faisons <span class=\"s2\"><b>pas<\/b><\/span> vendre, louer ou \u00e9changer vos donn\u00e9es personnelles.<\/p>\t\t\t\t\t\t\t\t<\/div>\n\t\t\t\t<div class=\"elementor-element elementor-element-de93e5f elementor-widget elementor-widget-heading\" data-id=\"de93e5f\" data-element_type=\"widget\" data-e-type=\"widget\" data-widget_type=\"heading.default\">\n\t\t\t\t\t<h2 class=\"elementor-heading-title elementor-size-default\">3. Base juridique du traitement<\/h2>\t\t\t\t<\/div>\n\t\t\t\t<div class=\"elementor-element elementor-element-d4e432c elementor-widget__width-initial elementor-widget-tablet__width-initial elementor-widget elementor-widget-text-editor\" data-id=\"d4e432c\" data-element_type=\"widget\" data-e-type=\"widget\" data-widget_type=\"text-editor.default\">\n\t\t\t\t\t\t\t\t\t<p class=\"p1\">En fonction du contexte, nous traitons vos donn\u00e9es sur une ou plusieurs des bases suivantes :<\/p>\n<ul>\n<li>\n<p class=\"p1\"><span class=\"s1\"><b>Votre consentement<\/b><\/span> (newsletter, formulaires de contact, cookies)<\/p>\n<\/li>\n<li>\n<p class=\"p1\"><span class=\"s1\"><b>N\u00e9cessit\u00e9 contractuelle<\/b><\/span> (billetterie et participation aux \u00e9v\u00e9nements)<\/p>\n<\/li>\n<li>\n<p class=\"p1\"><span class=\"s1\"><b>Int\u00e9r\u00eat l\u00e9gitime<\/b><\/span> (gestion d'\u00e9v\u00e9nements, communication)<\/p>\n<\/li>\n<li>\n<p class=\"p1\"><span class=\"s1\"><b>Obligation l\u00e9gale<\/b><\/span> (comptabilit\u00e9, s\u00e9curit\u00e9, conformit\u00e9)<\/p>\n<\/li>\n<\/ul>\t\t\t\t\t\t\t\t<\/div>\n\t\t\t\t<div class=\"elementor-element elementor-element-0872540 elementor-widget elementor-widget-heading\" data-id=\"0872540\" data-element_type=\"widget\" data-e-type=\"widget\" data-widget_type=\"heading.default\">\n\t\t\t\t\t<h2 class=\"elementor-heading-title elementor-size-default\">4. Partager vos donn\u00e9es<\/h2>\t\t\t\t<\/div>\n\t\t\t\t<div class=\"elementor-element elementor-element-82d0f2b elementor-widget__width-initial elementor-widget-tablet__width-initial elementor-widget elementor-widget-text-editor\" data-id=\"82d0f2b\" data-element_type=\"widget\" data-e-type=\"widget\" data-widget_type=\"text-editor.default\">\n\t\t\t\t\t\t\t\t\t<p class=\"p1\">Nous pouvons partager des donn\u00e9es avec des tiers de confiance lorsque cela est n\u00e9cessaire pour g\u00e9rer notre \u00e9v\u00e9nement ou notre site web :<\/p><ul><li><p class=\"p1\"><span class=\"s1\">Fournisseur d'h\u00e9bergement : <\/span><b>Hobbitton<\/b><b><\/b><\/p><\/li><li><p class=\"p1\">Plateformes de billetterie ou de paiement : <span class=\"s1\"><b>TicketTailor<\/b><b><\/b><\/span><\/p><\/li><li><p class=\"p1\">Outils d'envoi d'e-mails ou de lettres d'information :<\/p><\/li><li><p class=\"p1\">Outils d'analyse : Google Analytics,\u00a0<\/p><\/li><\/ul><p class=\"p1\">Tous les tiers sont tenus de prot\u00e9ger vos donn\u00e9es et de ne les utiliser qu'aux fins convenues.<\/p>\t\t\t\t\t\t\t\t<\/div>\n\t\t\t\t<div class=\"elementor-element elementor-element-69b633c elementor-widget elementor-widget-heading\" data-id=\"69b633c\" data-element_type=\"widget\" data-e-type=\"widget\" data-widget_type=\"heading.default\">\n\t\t\t\t\t<h2 class=\"elementor-heading-title elementor-size-default\">5. Conservation des donn\u00e9es<\/h2>\t\t\t\t<\/div>\n\t\t\t\t<div class=\"elementor-element elementor-element-d16b6c7 elementor-widget__width-initial elementor-widget-tablet__width-initial elementor-widget elementor-widget-text-editor\" data-id=\"d16b6c7\" data-element_type=\"widget\" data-e-type=\"widget\" data-widget_type=\"text-editor.default\">\n\t\t\t\t\t\t\t\t\t<p class=\"p1\">Nous ne conservons vos donn\u00e9es que le temps n\u00e9cessaire :<\/p>\n<ul>\n<li>\n<p class=\"p1\">Envoi de formulaires de contact : jusqu'\u00e0 24 mois<\/p>\n<\/li>\n<li>\n<p class=\"p1\">Donn\u00e9es relatives \u00e0 la billetterie et au paiement : jusqu'\u00e0 10 ans (obligation l\u00e9gale)<\/p>\n<\/li>\n<li>\n<p class=\"p1\">Abonnement au bulletin d'information : jusqu'\u00e0 ce que vous vous d\u00e9sinscriviez<\/p>\n<\/li>\n<li>\n<p class=\"p1\">Donn\u00e9es analytiques : conform\u00e9ment aux politiques de conservation des tiers<\/p>\n<\/li>\n<\/ul>\n<p class=\"p1\">Vous pouvez demander la suppression de vos donn\u00e9es \u00e0 tout moment (voir section 8).<\/p>\t\t\t\t\t\t\t\t<\/div>\n\t\t\t\t<div class=\"elementor-element elementor-element-c2be9cf elementor-widget elementor-widget-heading\" data-id=\"c2be9cf\" data-element_type=\"widget\" data-e-type=\"widget\" data-widget_type=\"heading.default\">\n\t\t\t\t\t<h2 class=\"elementor-heading-title elementor-size-default\">6. Cookies et technologies de suivi<\/h2>\t\t\t\t<\/div>\n\t\t\t\t<div class=\"elementor-element elementor-element-fdfdfbd elementor-widget__width-initial elementor-widget-tablet__width-initial elementor-widget elementor-widget-text-editor\" data-id=\"fdfdfbd\" data-element_type=\"widget\" data-e-type=\"widget\" data-widget_type=\"text-editor.default\">\n\t\t\t\t\t\t\t\t\t<p class=\"p1\">Notre site web peut utiliser des cookies pour :<\/p>\n<ul>\n<li>\n<p class=\"p1\">Am\u00e9liorer la navigation et l'exp\u00e9rience des utilisateurs<\/p>\n<\/li>\n<li>\n<p class=\"p1\">Analyser le trafic sur le site web<\/p>\n<\/li>\n<li>\n<p class=\"p1\">Personnaliser le contenu ou mesurer les performances<\/p>\n<\/li>\n<\/ul>\n<p class=\"p1\">Vous pouvez accepter ou refuser les cookies lors de votre premi\u00e8re visite sur le site, et vous pouvez ajuster vos pr\u00e9f\u00e9rences \u00e0 tout moment par le biais des param\u00e8tres de votre navigateur.<\/p>\t\t\t\t\t\t\t\t<\/div>\n\t\t\t\t<div class=\"elementor-element elementor-element-de5777c elementor-widget elementor-widget-heading\" data-id=\"de5777c\" data-element_type=\"widget\" data-e-type=\"widget\" data-widget_type=\"heading.default\">\n\t\t\t\t\t<h2 class=\"elementor-heading-title elementor-size-default\">7. S\u00e9curit\u00e9 des donn\u00e9es<\/h2>\t\t\t\t<\/div>\n\t\t\t\t<div class=\"elementor-element elementor-element-ccef41d elementor-widget__width-initial elementor-widget-tablet__width-initial elementor-widget elementor-widget-text-editor\" data-id=\"ccef41d\" data-element_type=\"widget\" data-e-type=\"widget\" data-widget_type=\"text-editor.default\">\n\t\t\t\t\t\t\t\t\t<p class=\"p1\">Nous prenons des mesures appropri\u00e9es pour prot\u00e9ger vos informations contre l'acc\u00e8s non autoris\u00e9, l'alt\u00e9ration, la divulgation ou la destruction, y compris :<\/p>\n<ul>\n<li>\n<p class=\"p1\">H\u00e9bergement s\u00e9curis\u00e9<\/p>\n<\/li>\n<li>\n<p class=\"p1\">Cryptage SSL<\/p>\n<\/li>\n<li>\n<p class=\"p1\">Contr\u00f4le d'acc\u00e8s aux comptes administratifs<\/p>\n<\/li>\n<li>\n<p class=\"p1\">Proc\u00e9dures de traitement conformes au GDPR<\/p>\n<\/li>\n<\/ul>\n<p class=\"p1\">Cependant, aucune m\u00e9thode de transmission sur l'internet n'est totalement exempte de risques.<\/p>\t\t\t\t\t\t\t\t<\/div>\n\t\t\t\t<div class=\"elementor-element elementor-element-6d40d8f elementor-widget elementor-widget-heading\" data-id=\"6d40d8f\" data-element_type=\"widget\" data-e-type=\"widget\" data-widget_type=\"heading.default\">\n\t\t\t\t\t<h2 class=\"elementor-heading-title elementor-size-default\">8. Vos droits<\/h2>\t\t\t\t<\/div>\n\t\t\t\t<div class=\"elementor-element elementor-element-b64e122 elementor-widget__width-initial elementor-widget-tablet__width-initial elementor-widget elementor-widget-text-editor\" data-id=\"b64e122\" data-element_type=\"widget\" data-e-type=\"widget\" data-widget_type=\"text-editor.default\">\n\t\t\t\t\t\t\t\t\t<p class=\"p1\">Selon votre pays de r\u00e9sidence, vous pouvez avoir le droit de.. :<\/p><ul><li><p class=\"p1\">Acc\u00e9der \u00e0 vos donn\u00e9es personnelles<\/p><\/li><li><p class=\"p1\">Corriger les informations incorrectes ou incompl\u00e8tes<\/p><\/li><li><p class=\"p1\">Demander la suppression de vos donn\u00e9es<\/p><\/li><li><p class=\"p1\">Restreindre le traitement des donn\u00e9es ou s'y opposer<\/p><\/li><li><p class=\"p1\">Retirer son consentement \u00e0 tout moment<\/p><\/li><li><p class=\"p1\">Demander la portabilit\u00e9 des donn\u00e9es<\/p><\/li><li><p class=\"p1\">D\u00e9poser une plainte aupr\u00e8s de votre autorit\u00e9 de protection des donn\u00e9es<\/p><\/li><\/ul><p class=\"p1\">Pour exercer ces droits, contactez-nous \u00e0 l'adresse suivante<b> raphael.mokombo@gmail.com<\/b><\/p>\t\t\t\t\t\t\t\t<\/div>\n\t\t\t\t<div class=\"elementor-element elementor-element-f9f666e elementor-widget elementor-widget-heading\" data-id=\"f9f666e\" data-element_type=\"widget\" data-e-type=\"widget\" data-widget_type=\"heading.default\">\n\t\t\t\t\t<h2 class=\"elementor-heading-title elementor-size-default\">9. Transferts internationaux<\/h2>\t\t\t\t<\/div>\n\t\t\t\t<div class=\"elementor-element elementor-element-2595c47 elementor-widget__width-initial elementor-widget-tablet__width-initial elementor-widget elementor-widget-text-editor\" data-id=\"2595c47\" data-element_type=\"widget\" data-e-type=\"widget\" data-widget_type=\"text-editor.default\">\n\t\t\t\t\t\t\t\t\t<p class=\"p1\">Si vos donn\u00e9es sont transf\u00e9r\u00e9es en dehors de votre pays (par exemple, via un h\u00e9bergement ou des outils tiers), nous veillons \u00e0 ce que des garanties appropri\u00e9es soient mises en place, telles que des clauses contractuelles types (CCN) ou des protections \u00e9quivalentes.<\/p>\t\t\t\t\t\t\t\t<\/div>\n\t\t\t\t<div class=\"elementor-element elementor-element-67a809a elementor-widget elementor-widget-heading\" data-id=\"67a809a\" data-element_type=\"widget\" data-e-type=\"widget\" data-widget_type=\"heading.default\">\n\t\t\t\t\t<h2 class=\"elementor-heading-title elementor-size-default\">10. Liens vers des sites web de tiers<\/h2>\t\t\t\t<\/div>\n\t\t\t\t<div class=\"elementor-element elementor-element-1fbf06a elementor-widget__width-initial elementor-widget-tablet__width-initial elementor-widget elementor-widget-text-editor\" data-id=\"1fbf06a\" data-element_type=\"widget\" data-e-type=\"widget\" data-widget_type=\"text-editor.default\">\n\t\t\t\t\t\t\t\t\t<p class=\"p1\">Notre site web peut contenir des liens vers des plateformes externes (billetterie, m\u00e9dias sociaux, partenaires).<\/p>\n<p class=\"p1\">Nous ne sommes pas responsables de leurs pratiques en mati\u00e8re de confidentialit\u00e9 ou de leur contenu.<\/p>\n<p class=\"p1\">Nous vous encourageons \u00e0 consulter leurs politiques de confidentialit\u00e9 s\u00e9par\u00e9ment.<\/p>\t\t\t\t\t\t\t\t<\/div>\n\t\t\t\t<div class=\"elementor-element elementor-element-c079cd4 elementor-widget elementor-widget-heading\" data-id=\"c079cd4\" data-element_type=\"widget\" data-e-type=\"widget\" data-widget_type=\"heading.default\">\n\t\t\t\t\t<h2 class=\"elementor-heading-title elementor-size-default\">11. Mises \u00e0 jour de la pr\u00e9sente politique<\/h2>\t\t\t\t<\/div>\n\t\t\t\t<div class=\"elementor-element elementor-element-3a7f507 elementor-widget__width-initial elementor-widget-tablet__width-initial elementor-widget elementor-widget-text-editor\" data-id=\"3a7f507\" data-element_type=\"widget\" data-e-type=\"widget\" data-widget_type=\"text-editor.default\">\n\t\t\t\t\t\t\t\t\t<p class=\"p1\">Nous pouvons mettre \u00e0 jour cette politique de confidentialit\u00e9 de temps \u00e0 autre pour refl\u00e9ter des changements juridiques ou op\u00e9rationnels.<\/p>\n<p class=\"p1\">La date de \u201cDerni\u00e8re mise \u00e0 jour\u201d en haut de cette page indique la derni\u00e8re r\u00e9vision.<\/p>\t\t\t\t\t\t\t\t<\/div>\n\t\t\t\t<div class=\"elementor-element elementor-element-b49d12c elementor-widget elementor-widget-heading\" data-id=\"b49d12c\" data-element_type=\"widget\" data-e-type=\"widget\" data-widget_type=\"heading.default\">\n\t\t\t\t\t<h2 class=\"elementor-heading-title elementor-size-default\">12. Contact<\/h2>\t\t\t\t<\/div>\n\t\t\t\t<div class=\"elementor-element elementor-element-0159332 elementor-widget__width-initial elementor-widget-tablet__width-initial elementor-widget elementor-widget-text-editor\" data-id=\"0159332\" data-element_type=\"widget\" data-e-type=\"widget\" data-widget_type=\"text-editor.default\">\n\t\t\t\t\t\t\t\t\t<p class=\"p1\">Pour toute question concernant la pr\u00e9sente politique de confidentialit\u00e9 ou vos donn\u00e9es, veuillez contacter :<\/p><p class=\"p2\"><b>raphael.mokombo@gmail.com<\/b><b><\/b><\/p><p class=\"p2\"><b>Village de Moughenda<\/b><b><\/b><\/p><p class=\"p2\"><b>Angondje 4eme cit\u00e9, Akanda, Gabon<\/b><\/p>\t\t\t\t\t\t\t\t<\/div>\n\t\t\t\t\t<\/div>\n\t\t\t\t<\/div>\n\t\t\t\t<\/div>","protected":false},"excerpt":{"rendered":"<p>Privacy Policy Last updated: 11\/24\/2025 This Privacy Policy describes how the Iboga Leadership Summit (\u201cwe\u201d, \u201cour\u201d, \u201cus\u201d) collects, uses, and protects your personal data when you visit or use our website: ibogaleadershipsummit.com. We are committed to safeguarding your privacy and ensuring that your personal information is handled in a lawful, transparent, and secure manner. 1. [&hellip;]<\/p>\n","protected":false},"author":1,"featured_media":0,"parent":0,"menu_order":0,"comment_status":"closed","ping_status":"open","template":"","meta":{"_acf_changed":false,"footnotes":""},"class_list":["post-3","page","type-page","status-publish","hentry"],"acf":[],"_links":{"self":[{"href":"https:\/\/ibogaleadershipsummit.com\/fr\/wp-json\/wp\/v2\/pages\/3","targetHints":{"allow":["GET"]}}],"collection":[{"href":"https:\/\/ibogaleadershipsummit.com\/fr\/wp-json\/wp\/v2\/pages"}],"about":[{"href":"https:\/\/ibogaleadershipsummit.com\/fr\/wp-json\/wp\/v2\/types\/page"}],"author":[{"embeddable":true,"href":"https:\/\/ibogaleadershipsummit.com\/fr\/wp-json\/wp\/v2\/users\/1"}],"replies":[{"embeddable":true,"href":"https:\/\/ibogaleadershipsummit.com\/fr\/wp-json\/wp\/v2\/comments?post=3"}],"version-history":[{"count":9,"href":"https:\/\/ibogaleadershipsummit.com\/fr\/wp-json\/wp\/v2\/pages\/3\/revisions"}],"predecessor-version":[{"id":6833,"href":"https:\/\/ibogaleadershipsummit.com\/fr\/wp-json\/wp\/v2\/pages\/3\/revisions\/6833"}],"wp:attachment":[{"href":"https:\/\/ibogaleadershipsummit.com\/fr\/wp-json\/wp\/v2\/media?parent=3"}],"curies":[{"name":"wp","href":"https:\/\/api.w.org\/{rel}","templated":true}]}}