{"id":28,"date":"2025-10-12T08:59:08","date_gmt":"2025-10-12T08:59:08","guid":{"rendered":"https:\/\/bwiticonf.hobbitton.at\/?page_id=28"},"modified":"2026-02-01T03:23:40","modified_gmt":"2026-02-01T02:23:40","slug":"a-propos-de-nous","status":"publish","type":"page","link":"https:\/\/ibogaleadershipsummit.com\/fr\/about-us\/","title":{"rendered":"\u00c0 propos de nous"},"content":{"rendered":"<div data-elementor-type=\"wp-page\" data-elementor-id=\"28\" class=\"elementor elementor-28\" data-elementor-post-type=\"page\">\n\t\t\t\t<div class=\"elementor-element elementor-element-e6c36b3 e-con-full e-flex e-con e-parent\" data-id=\"e6c36b3\" data-element_type=\"container\" data-e-type=\"container\" data-settings=\"{&quot;background_background&quot;:&quot;classic&quot;}\">\n\t\t\t\t<div class=\"elementor-element elementor-element-26a7c25 animated-fast elementor-invisible elementor-widget elementor-widget-heading\" data-id=\"26a7c25\" data-element_type=\"widget\" data-e-type=\"widget\" data-settings=\"{&quot;_animation&quot;:&quot;fadeInDown&quot;}\" data-widget_type=\"heading.default\">\n\t\t\t\t\t<h1 class=\"elementor-heading-title elementor-size-default\">A propos de nous<\/h1>\t\t\t\t<\/div>\n\t\t\t\t<\/div>\n\t\t<div class=\"elementor-element elementor-element-b2123ee e-flex e-con-boxed e-con e-parent\" data-id=\"b2123ee\" data-element_type=\"container\" data-e-type=\"container\">\n\t\t\t\t\t<div class=\"e-con-inner\">\n\t\t\t\t<div class=\"elementor-element elementor-element-aef8c9f elementor-widget__width-initial elementor-absolute elementor-widget elementor-widget-html\" data-id=\"aef8c9f\" data-element_type=\"widget\" data-e-type=\"widget\" data-settings=\"{&quot;_position&quot;:&quot;absolute&quot;}\" data-widget_type=\"html.default\">\n\t\t\t\t\t<div class=\"cirlce-blur\"><\/div>\t\t\t\t<\/div>\n\t\t\t\t\t<\/div>\n\t\t\t\t<\/div>\n\t\t<div class=\"elementor-element elementor-element-3fa636b e-flex e-con-boxed e-con e-parent\" data-id=\"3fa636b\" data-element_type=\"container\" data-e-type=\"container\">\n\t\t\t\t\t<div class=\"e-con-inner\">\n\t\t<div class=\"elementor-element elementor-element-3a46767 e-con-full e-flex e-con e-child\" data-id=\"3a46767\" data-element_type=\"container\" data-e-type=\"container\">\n\t\t\t\t<div class=\"elementor-element elementor-element-861a0b9 elementor-widget elementor-widget-heading\" data-id=\"861a0b9\" data-element_type=\"widget\" data-e-type=\"widget\" data-widget_type=\"heading.default\">\n\t\t\t\t\t<h2 class=\"elementor-heading-title elementor-size-default\">Qui sommes-nous ?<\/h2>\t\t\t\t<\/div>\n\t\t\t\t<div class=\"elementor-element elementor-element-d71bc50 elementor-widget elementor-widget-text-editor\" data-id=\"d71bc50\" data-element_type=\"widget\" data-e-type=\"widget\" data-widget_type=\"text-editor.default\">\n\t\t\t\t\t\t\t\t\t<p data-start=\"326\" data-end=\"450\">Le <strong data-start=\"330\" data-end=\"357\">Iboga Leadership Summit<\/strong> est organis\u00e9e par <strong data-start=\"374\" data-end=\"395\">Village de Moughenda<\/strong>, une initiative ancr\u00e9e dans la tradition Bwiti du Gabon.<\/p><p data-start=\"452\" data-end=\"666\">Moughenda Village existe pour soutenir une relation authentique et respectueuse avec le Bwiti et l'Iboga, dans la continuit\u00e9 de la transmission traditionnelle, tout en rendant cette tradition compr\u00e9hensible au-del\u00e0 de son lieu d'origine.<\/p><p data-start=\"668\" data-end=\"748\">Cette page explique qui est \u00e0 l'origine du sommet et quelle est l'intention qui guide ce travail.<\/p>\t\t\t\t\t\t\t\t<\/div>\n\t\t\t\t<\/div>\n\t\t<div class=\"elementor-element elementor-element-4324da7 e-con-full e-flex e-con e-child\" data-id=\"4324da7\" data-element_type=\"container\" data-e-type=\"container\">\n\t\t\t\t<div class=\"elementor-element elementor-element-10710e0 elementor-widget elementor-widget-image\" data-id=\"10710e0\" data-element_type=\"widget\" data-e-type=\"widget\" data-widget_type=\"image.default\">\n\t\t\t\t\t\t\t\t\t\t\t\t\t\t\t<img fetchpriority=\"high\" decoding=\"async\" width=\"500\" height=\"321\" src=\"https:\/\/ibogaleadershipsummit.com\/wp-content\/uploads\/2026\/01\/iboga-village.webp\" class=\"attachment-large size-large wp-image-7090\" alt=\"\" srcset=\"https:\/\/ibogaleadershipsummit.com\/wp-content\/uploads\/2026\/01\/iboga-village.webp 500w, https:\/\/ibogaleadershipsummit.com\/wp-content\/uploads\/2026\/01\/iboga-village-300x193.webp 300w, https:\/\/ibogaleadershipsummit.com\/wp-content\/uploads\/2026\/01\/iboga-village-18x12.webp 18w\" sizes=\"(max-width: 500px) 100vw, 500px\" \/>\t\t\t\t\t\t\t\t\t\t\t\t\t\t\t<\/div>\n\t\t<div class=\"elementor-element elementor-element-cc360f3 e-con-full e-flex e-con e-child\" data-id=\"cc360f3\" data-element_type=\"container\" data-e-type=\"container\">\n\t\t\t\t<div class=\"elementor-element elementor-element-acc55ff elementor-widget elementor-widget-heading\" data-id=\"acc55ff\" data-element_type=\"widget\" data-e-type=\"widget\" data-widget_type=\"heading.default\">\n\t\t\t\t\t<h2 class=\"elementor-heading-title elementor-size-default\">Village de Moughenda<\/h2>\t\t\t\t<\/div>\n\t\t\t\t<div class=\"elementor-element elementor-element-e5c3f1f elementor-widget elementor-widget-text-editor\" data-id=\"e5c3f1f\" data-element_type=\"widget\" data-e-type=\"widget\" data-widget_type=\"text-editor.default\">\n\t\t\t\t\t\t\t\t\t<p data-start=\"778\" data-end=\"896\">Le village de Moughenda est une initiative \u00e0 long terme bas\u00e9e au Gabon, d\u00e9velopp\u00e9e en relation directe avec la tradition Bwiti.<\/p><p data-start=\"898\" data-end=\"961\">Il ne s'agit pas d'un centre de retraite, ni d'un projet spirituel commercial.<\/p><p data-start=\"963\" data-end=\"978\">Son r\u00f4le est de<\/p><ul data-start=\"979\" data-end=\"1188\"><li data-start=\"979\" data-end=\"1041\"><p data-start=\"981\" data-end=\"1041\">Respecter le Bwiti en tant que tradition spirituelle et culturelle vivante<\/p><\/li><li data-start=\"1042\" data-end=\"1105\"><p data-start=\"1044\" data-end=\"1105\">Soutenir une approche authentique de l'Iboga, fond\u00e9e sur la lign\u00e9e<\/p><\/li><li data-start=\"1106\" data-end=\"1188\"><p data-start=\"1108\" data-end=\"1188\">Permettre \u00e0 cette tradition d'atteindre les personnes qui en ont r\u00e9ellement besoin, sans distorsion.<\/p><\/li><\/ul>\t\t\t\t\t\t\t\t<\/div>\n\t\t\t\t<\/div>\n\t\t\t\t<\/div>\n\t\t\t\t<div class=\"elementor-element elementor-element-5229597 elementor-widget elementor-widget-heading\" data-id=\"5229597\" data-element_type=\"widget\" data-e-type=\"widget\" data-widget_type=\"heading.default\">\n\t\t\t\t\t<h2 class=\"elementor-heading-title elementor-size-default\">L'\u00e9quipe<\/h2>\t\t\t\t<\/div>\n\t\t<div class=\"elementor-element elementor-element-fbdd3dd e-grid e-con-full e-con e-child\" data-id=\"fbdd3dd\" data-element_type=\"container\" data-e-type=\"container\">\n\t\t\t\t<div class=\"elementor-element elementor-element-f6d16a3 elementor-widget elementor-widget-text-editor\" data-id=\"f6d16a3\" data-element_type=\"widget\" data-e-type=\"widget\" data-widget_type=\"text-editor.default\">\n\t\t\t\t\t\t\t\t\t<p><strong data-start=\"1535\" data-end=\"1555\">Moughenda Mikala<\/strong><br data-start=\"1555\" data-end=\"1558\" \/><em>Chamane Bwiti du Gabon de la 10\u00e8me g\u00e9n\u00e9ration.<\/em><br data-start=\"1598\" data-end=\"1601\" \/>Moughenda est un praticien traditionnel initi\u00e9 au sein d'une longue lign\u00e9e de transmission du Bwiti. Il est \u00e0 l'origine du village de Moughenda et assure la continuit\u00e9 de la tradition telle qu'elle est pratiqu\u00e9e au Gabon.<\/p>\t\t\t\t\t\t\t\t<\/div>\n\t\t\t\t<div class=\"elementor-element elementor-element-0e46253 elementor-widget elementor-widget-text-editor\" data-id=\"0e46253\" data-element_type=\"widget\" data-e-type=\"widget\" data-widget_type=\"text-editor.default\">\n\t\t\t\t\t\t\t\t\t<p><strong data-start=\"1806\" data-end=\"1834\">Ryan \u201cGhenigho\u201d Rich<\/strong><br data-start=\"1834\" data-end=\"1837\" \/><em>Co-organisateur<\/em><br data-start=\"1849\" data-end=\"1852\" \/>Ryan travaille \u00e0 l'intersection des communaut\u00e9s traditionnelles et du public international, en se concentrant sur la structure, la vision \u00e0 long terme et l'int\u00e9grit\u00e9 culturelle.<\/p>\t\t\t\t\t\t\t\t<\/div>\n\t\t\t\t<div class=\"elementor-element elementor-element-b07c45b elementor-widget elementor-widget-text-editor\" data-id=\"b07c45b\" data-element_type=\"widget\" data-e-type=\"widget\" data-widget_type=\"text-editor.default\">\n\t\t\t\t\t\t\t\t\t<p><strong data-start=\"2006\" data-end=\"2025\">Raphael Nicolle<\/strong><br data-start=\"2025\" data-end=\"2028\" \/><em>Co-organisateur<\/em><br data-start=\"2040\" data-end=\"2043\" \/>Raphael est un facilitateur form\u00e9 dans la tradition Bwiti au Gabon.<\/p>\t\t\t\t\t\t\t\t<\/div>\n\t\t\t\t<div class=\"elementor-element elementor-element-e34e5de elementor-widget elementor-widget-text-editor\" data-id=\"e34e5de\" data-element_type=\"widget\" data-e-type=\"widget\" data-widget_type=\"text-editor.default\">\n\t\t\t\t\t\t\t\t\t<p><strong data-start=\"2110\" data-end=\"2128\">Rosalind Stone<\/strong><br data-start=\"2128\" data-end=\"2131\" \/><em>Directeur de la communication<\/em><br data-start=\"2154\" data-end=\"2157\" \/>Rosalind supervise les communications et les messages publics, en veillant \u00e0 ce qu'ils soient clairs et pr\u00e9cis pour un public international.<\/p>\t\t\t\t\t\t\t\t<\/div>\n\t\t\t\t<\/div>\n\t\t<div class=\"elementor-element elementor-element-26e35e2 e-con-full e-flex e-con e-child\" data-id=\"26e35e2\" data-element_type=\"container\" data-e-type=\"container\">\n\t\t<div class=\"elementor-element elementor-element-88f053a e-con-full e-flex e-con e-child\" data-id=\"88f053a\" data-element_type=\"container\" data-e-type=\"container\">\n\t\t\t\t<div class=\"elementor-element elementor-element-bcdeefa elementor-widget elementor-widget-heading\" data-id=\"bcdeefa\" data-element_type=\"widget\" data-e-type=\"widget\" data-widget_type=\"heading.default\">\n\t\t\t\t\t<h2 class=\"elementor-heading-title elementor-size-default\">Pourquoi nous organisons des sommets<\/h2>\t\t\t\t<\/div>\n\t\t\t\t<div class=\"elementor-element elementor-element-1f9a933 elementor-widget elementor-widget-text-editor\" data-id=\"1f9a933\" data-element_type=\"widget\" data-e-type=\"widget\" data-widget_type=\"text-editor.default\">\n\t\t\t\t\t\t\t\t\t<p data-start=\"1216\" data-end=\"1321\">L'int\u00e9r\u00eat pour l'Iboga s'est d\u00e9velopp\u00e9 au niveau international, souvent sans lien avec ses racines culturelles et spirituelles.<\/p><p data-start=\"1323\" data-end=\"1514\">Ce sommet a \u00e9t\u00e9 cr\u00e9\u00e9 pour r\u00e9tablir le contexte, la compr\u00e9hension et la continuit\u00e9 en r\u00e9unissant des personnes directement li\u00e9es \u00e0 la tradition du Bwiti et d'autres qui recherchent une approche s\u00e9rieuse et fond\u00e9e.<\/p>\t\t\t\t\t\t\t\t<\/div>\n\t\t\t\t<div class=\"elementor-element elementor-element-e278544 elementor-widget elementor-widget-heading\" data-id=\"e278544\" data-element_type=\"widget\" data-e-type=\"widget\" data-widget_type=\"heading.default\">\n\t\t\t\t\t<h2 class=\"elementor-heading-title elementor-size-default\">Notre position<\/h2>\t\t\t\t<\/div>\n\t\t\t\t<div class=\"elementor-element elementor-element-a29ffa8 elementor-widget elementor-widget-text-editor\" data-id=\"a29ffa8\" data-element_type=\"widget\" data-e-type=\"widget\" data-widget_type=\"text-editor.default\">\n\t\t\t\t\t\t\t\t\t<p data-start=\"2297\" data-end=\"2447\">Ce sommet vise \u00e0 rassembler les gens autour d'une approche authentique de la tradition du Bwiti et \u00e0 l'aider \u00e0 atteindre ceux qui en ont vraiment besoin, o\u00f9 qu'ils soient.<\/p><p data-start=\"2449\" data-end=\"2593\">Il ne s'agit pas d'adapter ou de r\u00e9interpr\u00e9ter le Bwiti, mais de rester fid\u00e8le \u00e0 ses fondements tout en permettant des rencontres respectueuses au-del\u00e0 du Gabon.<\/p><p data-start=\"2595\" data-end=\"2659\">Ce travail porte sur la transmission, la continuit\u00e9 et la responsabilit\u00e9.<\/p>\t\t\t\t\t\t\t\t<\/div>\n\t\t\t\t<div class=\"elementor-element elementor-element-9d6cb8c elementor-widget elementor-widget-heading\" data-id=\"9d6cb8c\" data-element_type=\"widget\" data-e-type=\"widget\" data-widget_type=\"heading.default\">\n\t\t\t\t\t<h2 class=\"elementor-heading-title elementor-size-default\">La partie juridique<\/h2>\t\t\t\t<\/div>\n\t\t\t\t<div class=\"elementor-element elementor-element-e2389b0 elementor-widget elementor-widget-text-editor\" data-id=\"e2389b0\" data-element_type=\"widget\" data-e-type=\"widget\" data-widget_type=\"text-editor.default\">\n\t\t\t\t\t\t\t\t\t<p data-start=\"2297\" data-end=\"2447\"><strong data-start=\"2685\" data-end=\"2711\">Le sommet du Bwiti au Gabon<\/strong> est l'entit\u00e9 juridique responsable des aspects op\u00e9rationnels des \u00e9v\u00e9nements, y compris la billetterie, les contrats avec les fournisseurs de services et la gestion des questions logistiques et administratives li\u00e9es au sommet.<\/p>\t\t\t\t\t\t\t\t<\/div>\n\t\t\t\t<div class=\"elementor-element elementor-element-352e74a elementor-widget elementor-widget-heading\" data-id=\"352e74a\" data-element_type=\"widget\" data-e-type=\"widget\" data-widget_type=\"heading.default\">\n\t\t\t\t\t<h2 class=\"elementor-heading-title elementor-size-default\">Invitation<\/h2>\t\t\t\t<\/div>\n\t\t\t\t<div class=\"elementor-element elementor-element-8c30a09 elementor-widget elementor-widget-text-editor\" data-id=\"8c30a09\" data-element_type=\"widget\" data-e-type=\"widget\" data-widget_type=\"text-editor.default\">\n\t\t\t\t\t\t\t\t\t<p data-start=\"2935\" data-end=\"3017\">Ce rassemblement est destin\u00e9 \u00e0 ceux qui abordent le Bwiti avec sinc\u00e9rit\u00e9 et respect.<\/p><p data-start=\"3019\" data-end=\"3027\">Bienvenue.<\/p>\t\t\t\t\t\t\t\t<\/div>\n\t\t\t\t<\/div>\n\t\t\t\t<div class=\"elementor-element elementor-element-db8ff88 elementor-widget elementor-widget-image\" data-id=\"db8ff88\" data-element_type=\"widget\" data-e-type=\"widget\" data-widget_type=\"image.default\">\n\t\t\t\t\t\t\t\t\t\t\t\t\t\t\t<img decoding=\"async\" width=\"768\" height=\"659\" src=\"https:\/\/ibogaleadershipsummit.com\/wp-content\/uploads\/2026\/01\/bogaJourney.webp\" class=\"attachment-large size-large wp-image-7089\" alt=\"\" srcset=\"https:\/\/ibogaleadershipsummit.com\/wp-content\/uploads\/2026\/01\/bogaJourney.webp 768w, https:\/\/ibogaleadershipsummit.com\/wp-content\/uploads\/2026\/01\/bogaJourney-300x257.webp 300w, https:\/\/ibogaleadershipsummit.com\/wp-content\/uploads\/2026\/01\/bogaJourney-14x12.webp 14w\" sizes=\"(max-width: 768px) 100vw, 768px\" \/>\t\t\t\t\t\t\t\t\t\t\t\t\t\t\t<\/div>\n\t\t\t\t<\/div>\n\t\t\t\t\t<\/div>\n\t\t\t\t<\/div>\n\t\t\t\t<\/div>","protected":false},"excerpt":{"rendered":"<p>About us Who we are The Iboga Leadership Summit is organized by Moughenda Village, an initiative rooted in the Bwiti tradition of Gabon. Moughenda Village exists to support an authentic and respectful relationship with Bwiti and Iboga, in continuity with traditional transmission, while making this tradition understandable beyond its place of origin. This page explains [&hellip;]<\/p>\n","protected":false},"author":1,"featured_media":0,"parent":0,"menu_order":0,"comment_status":"closed","ping_status":"closed","template":"","meta":{"_acf_changed":false,"footnotes":""},"class_list":["post-28","page","type-page","status-publish","hentry"],"acf":[],"_links":{"self":[{"href":"https:\/\/ibogaleadershipsummit.com\/fr\/wp-json\/wp\/v2\/pages\/28","targetHints":{"allow":["GET"]}}],"collection":[{"href":"https:\/\/ibogaleadershipsummit.com\/fr\/wp-json\/wp\/v2\/pages"}],"about":[{"href":"https:\/\/ibogaleadershipsummit.com\/fr\/wp-json\/wp\/v2\/types\/page"}],"author":[{"embeddable":true,"href":"https:\/\/ibogaleadershipsummit.com\/fr\/wp-json\/wp\/v2\/users\/1"}],"replies":[{"embeddable":true,"href":"https:\/\/ibogaleadershipsummit.com\/fr\/wp-json\/wp\/v2\/comments?post=28"}],"version-history":[{"count":35,"href":"https:\/\/ibogaleadershipsummit.com\/fr\/wp-json\/wp\/v2\/pages\/28\/revisions"}],"predecessor-version":[{"id":7193,"href":"https:\/\/ibogaleadershipsummit.com\/fr\/wp-json\/wp\/v2\/pages\/28\/revisions\/7193"}],"wp:attachment":[{"href":"https:\/\/ibogaleadershipsummit.com\/fr\/wp-json\/wp\/v2\/media?parent=28"}],"curies":[{"name":"wp","href":"https:\/\/api.w.org\/{rel}","templated":true}]}}